{"id":98,"date":"2020-09-27T08:23:38","date_gmt":"2020-09-27T08:23:38","guid":{"rendered":"http:\/\/doantramy.com\/?page_id=98"},"modified":"2023-02-08T03:50:28","modified_gmt":"2023-02-08T03:50:28","slug":"gioi-thieu","status":"publish","type":"page","link":"https:\/\/doantramy.net\/en\/","title":{"rendered":"My l\u00e0&#8230;"},"content":{"rendered":"<div class=\"wp-block-columns\">\n<div class=\"wp-block-column\">\n<figure class=\"wp-block-image size-full is-style-default\"><img loading=\"lazy\" width=\"1620\" height=\"1620\" src=\"https:\/\/doantramy.com\/wp-content\/uploads\/2023\/02\/1-6.png\" alt=\"\" class=\"wp-image-1653\" srcset=\"https:\/\/doantramy.net\/wp-content\/uploads\/2023\/02\/1-6.png 1620w, https:\/\/doantramy.net\/wp-content\/uploads\/2023\/02\/1-6-150x150.png 150w, https:\/\/doantramy.net\/wp-content\/uploads\/2023\/02\/1-6-768x768.png 768w, https:\/\/doantramy.net\/wp-content\/uploads\/2023\/02\/1-6-1536x1536.png 1536w, https:\/\/doantramy.net\/wp-content\/uploads\/2023\/02\/1-6-12x12.png 12w\" sizes=\"(max-width: 1620px) 100vw, 1620px\" \/><\/figure>\n<\/div>\n\n\n\n<div class=\"wp-block-column\">\n<p style=\"font-size:30px\"><strong>Hi guys<br>This is Tr\u00e0 My<\/strong><\/p>\n\n\n\n<p>I has had experiences in&nbsp;<strong>healing<\/strong>&nbsp;since 2018, organizing and taking part in teaching&nbsp;<strong>over 20 healing courses<\/strong>&nbsp;I firmly believe that these experiences of teaching and practicing healing will give&nbsp;<strong>value<\/strong>&nbsp;to you<\/p>\n<\/div>\n<\/div>\n\n\n\n<div class=\"wp-container-1 wp-block-buttons\">\n<div class=\"wp-block-button is-style-fill\"><a class=\"wp-block-button__link has-cool-to-warm-spectrum-gradient-background has-background\" href=\"https:\/\/doantramy.com\/khoa-hoc\/\" style=\"border-radius:50px\"><strong><mark style=\"background-color:rgba(0, 0, 0, 0)\" class=\"has-inline-color has-black-color\"><i class=\"fas fa-signature\"><\/i><mark style=\"background-color:rgba(0, 0, 0, 0)\"> Explore <\/mark><\/mark><\/strong><mark style=\"background-color:rgba(0, 0, 0, 0)\"><strong>courses<\/strong><\/mark><\/a><\/div>\n<\/div>\n\n\n\n<div class=\"wp-block-image is-style-rounded\"><figure class=\"alignright size-large is-resized\"><img loading=\"lazy\" src=\"http:\/\/doantramy.com\/wp-content\/uploads\/2022\/05\/64599339_2389455571328942_1331535815624359936_o-940x580.jpg\" alt=\"\" class=\"wp-image-890\" width=\"374\" height=\"230\"\/><\/figure><\/div>\n\n\n\n<p style=\"font-size:25px\"><strong>I has been through a lot of trouble<\/strong><\/p>\n\n\n\n<p>Making money&nbsp;<strong>strugglingly<\/strong>being at loggerheads with parents, not sharing with family&nbsp;<strong>bewildered<\/strong>&nbsp;among lifestyles, trends on social networks&nbsp;<strong>broken relationships<\/strong>Falling into a state of&nbsp;<strong>despair<\/strong>&nbsp;and<strong>&nbsp;self<\/strong>&nbsp;-doubt<\/p>\n\n\n\n<p style=\"font-size:25px\"><strong>I did not plan to be a Healer<\/strong><\/p>\n\n\n\n<p>I knows healer is a job that requires not only specialization and high experience but also drudgery, waste of time. When I knew I had a special ADN, I used to<strong>&nbsp;\u201cbeg\u201d myself not to be a healer<\/strong>&nbsp;and just do other work to make money then learn to heal for a long time<\/p>\n\n\n\n<div class=\"wp-block-columns\">\n<div class=\"wp-block-column\">\n<div class=\"wp-block-image is-style-default\"><figure class=\"aligncenter size-full\"><img loading=\"lazy\" width=\"2048\" height=\"2048\" src=\"https:\/\/doantramy.com\/wp-content\/uploads\/2022\/05\/z3393580456418_24c4f57a31c7c3e0cf4d7e8b05cd9ed2.jpg\" alt=\"\" class=\"wp-image-909\" srcset=\"https:\/\/doantramy.net\/wp-content\/uploads\/2022\/05\/z3393580456418_24c4f57a31c7c3e0cf4d7e8b05cd9ed2.jpg 2048w, https:\/\/doantramy.net\/wp-content\/uploads\/2022\/05\/z3393580456418_24c4f57a31c7c3e0cf4d7e8b05cd9ed2-324x324.jpg 324w, https:\/\/doantramy.net\/wp-content\/uploads\/2022\/05\/z3393580456418_24c4f57a31c7c3e0cf4d7e8b05cd9ed2-100x100.jpg 100w, https:\/\/doantramy.net\/wp-content\/uploads\/2022\/05\/z3393580456418_24c4f57a31c7c3e0cf4d7e8b05cd9ed2-416x416.jpg 416w, https:\/\/doantramy.net\/wp-content\/uploads\/2022\/05\/z3393580456418_24c4f57a31c7c3e0cf4d7e8b05cd9ed2-150x150.jpg 150w, https:\/\/doantramy.net\/wp-content\/uploads\/2022\/05\/z3393580456418_24c4f57a31c7c3e0cf4d7e8b05cd9ed2-768x768.jpg 768w, https:\/\/doantramy.net\/wp-content\/uploads\/2022\/05\/z3393580456418_24c4f57a31c7c3e0cf4d7e8b05cd9ed2-1536x1536.jpg 1536w\" sizes=\"(max-width: 2048px) 100vw, 2048px\" \/><\/figure><\/div>\n<\/div>\n\n\n\n<div class=\"wp-block-column\">\n<p style=\"font-size:25px\"><strong>But the job selects people<\/strong><\/p>\n\n\n\n<p>Now, I'm a teacher, healer and coach at Omischool meditation School with&nbsp;<strong>a shared mission<\/strong>&nbsp;to help you heal&nbsp;<strong>from past<\/strong>&nbsp;hurts, heal<strong>&nbsp;your physical body<\/strong>&nbsp;Through which&nbsp;<strong>to understand<\/strong>&nbsp;yourself, understand the time and&nbsp;<strong>master<\/strong>&nbsp;life<\/p>\n\n\n\n<p style=\"font-size:25px\"><strong>My Courses<\/strong><\/p>\n\n\n\n<p>Many people only come to me when&nbsp;<strong>there is an emotional event or a disease.<\/strong>&nbsp;But like a house that has fallen down, it is extremely&nbsp;<strong>the current difficult<\/strong>.<br>Let&nbsp;<strong>start<\/strong>&nbsp;healing even when you feel good, to have a&nbsp;<strong>solid foundation,<\/strong>your house will be stronger against the waves of life<\/p>\n<\/div>\n<\/div>\n\n\n\n<div class=\"wp-container-2 wp-block-buttons\">\n<div class=\"wp-block-button aligncenter is-style-fill\"><a class=\"wp-block-button__link has-black-color has-cool-to-warm-spectrum-gradient-background has-text-color has-background\" href=\"https:\/\/doantramy.com\/khoa-hoc\/\"><i class=\"fas fa-signature\"><\/i> Explore courses<\/a><\/div>\n<\/div>\n\n\n\n<p><\/p>\n\n\n\n<p class=\"has-text-align-center has-large-font-size\"><strong>Learn for free from me<\/strong><\/p>\n\n\n\n<div class=\"wp-block-columns are-vertically-aligned-center\">\n<div class=\"wp-block-column\"><\/div>\n\n\n\n<div class=\"wp-block-column is-vertically-aligned-center\">\n<div class=\"wp-container-3 wp-block-buttons\">\n<div class=\"wp-block-button has-custom-font-size is-style-fill has-medium-font-size\"><a class=\"wp-block-button__link has-background\" href=\"https:\/\/www.facebook.com\/groups\/doantramy\" style=\"background-color:#8a9e68\" target=\"_blank\" rel=\"noreferrer noopener\"><i class=\"fab fa-facebook\"><\/i><br>Facebook<\/a><\/div>\n<\/div>\n<\/div>\n\n\n\n<div class=\"wp-block-column is-vertically-aligned-center\">\n<div class=\"wp-container-4 wp-block-buttons\">\n<div class=\"wp-block-button has-custom-font-size is-style-fill has-medium-font-size\"><a class=\"wp-block-button__link has-background\" href=\"https:\/\/www.tiktok.com\/@doantramy.com\" style=\"background-color:#8a9e68\" target=\"_blank\" rel=\"noreferrer noopener\"><i class=\"fas fa-video\"><\/i><br>Tiktok  <\/a><\/div>\n<\/div>\n<\/div>\n\n\n\n<div class=\"wp-block-column is-vertically-aligned-center\">\n<div class=\"wp-container-5 wp-block-buttons\">\n<div class=\"wp-block-button has-custom-font-size is-style-fill\" style=\"font-size:18px\"><a class=\"wp-block-button__link has-background\" href=\"https:\/\/www.instagram.com\/tramy.doan\/\" style=\"background-color:#8a9e68\" target=\"_blank\" rel=\"noreferrer noopener\"><i class=\"fas fa-camera\"><\/i><br>Instagram<\/a><\/div>\n<\/div>\n<\/div>\n\n\n\n<div class=\"wp-block-column is-vertically-aligned-center\">\n<div class=\"wp-container-6 wp-block-buttons\">\n<div class=\"wp-block-button has-custom-font-size is-style-fill has-medium-font-size\"><a class=\"wp-block-button__link has-background\" href=\"https:\/\/www.youtube.com\/channel\/UC8DyFCeOkLocm_X8DyFB3HA\" style=\"background-color:#8a9e68\" target=\"_blank\" rel=\"noreferrer noopener\"><i class=\"fab fa-youtube\"><\/i><br>Youtube<\/a><\/div>\n<\/div>\n<\/div>\n\n\n\n<div class=\"wp-block-column\"><\/div>\n<\/div>\n\n\n\n<p><\/p>\n\n\n\n<p style=\"font-size:21px\"><\/p>","protected":false},"excerpt":{"rendered":"<p>Xin ch\u00e0o,M\u00ecnh l\u00e0 \u0110o\u00e0n Tr\u00e0 My \u0111\u00e2y! My c\u00f3 kinh nghi\u1ec7m&nbsp;ch\u1eefa l\u00e0nh&nbsp;t\u1eeb 2018, t\u1ed5 ch\u1ee9c v\u00e0 tham gia gi\u1ea3ng d\u1ea1y&nbsp;tr\u00ean 20 kh\u00f3a h\u1ecdc&nbsp;ch\u1eefa l\u00e0nh. My tin ch\u1eafc r\u1eb1ng nh\u1eefng tr\u1ea3i nghi\u1ec7m gi\u1ea3ng d\u1ea1y v\u00e0 th\u1ef1c h\u00e0nh ch\u1eefa l\u00e0nh n\u00e0y s\u1ebd mang l\u1ea1i&nbsp;gi\u00e1 tr\u1ecb&nbsp;cho c\u00e1c b\u1ea1n. My \u0111\u00e3 t\u1eebng g\u1eb7p r\u1ea5t nhi\u1ec1u kh\u00f3 kh\u0103n Ki\u1ebfm ti\u1ec1n&nbsp;ch\u1eadt &#8230; <a title=\"Tr\u00e0 My is\" class=\"read-more\" href=\"https:\/\/doantramy.net\/en\/\" aria-label=\"Read more about My l\u00e0&#8230;\">Read more<\/a><\/p>","protected":false},"author":2,"featured_media":0,"parent":0,"menu_order":0,"comment_status":"closed","ping_status":"closed","template":"","meta":[],"_links":{"self":[{"href":"https:\/\/doantramy.net\/en\/wp-json\/wp\/v2\/pages\/98"}],"collection":[{"href":"https:\/\/doantramy.net\/en\/wp-json\/wp\/v2\/pages"}],"about":[{"href":"https:\/\/doantramy.net\/en\/wp-json\/wp\/v2\/types\/page"}],"author":[{"embeddable":true,"href":"https:\/\/doantramy.net\/en\/wp-json\/wp\/v2\/users\/2"}],"replies":[{"embeddable":true,"href":"https:\/\/doantramy.net\/en\/wp-json\/wp\/v2\/comments?post=98"}],"version-history":[{"count":110,"href":"https:\/\/doantramy.net\/en\/wp-json\/wp\/v2\/pages\/98\/revisions"}],"predecessor-version":[{"id":1656,"href":"https:\/\/doantramy.net\/en\/wp-json\/wp\/v2\/pages\/98\/revisions\/1656"}],"wp:attachment":[{"href":"https:\/\/doantramy.net\/en\/wp-json\/wp\/v2\/media?parent=98"}],"curies":[{"name":"wp","href":"https:\/\/api.w.org\/{rel}","templated":true}]}}