{"id":50,"date":"2020-09-27T02:20:28","date_gmt":"2020-09-27T02:20:28","guid":{"rendered":"http:\/\/doantramy.com\/?page_id=50"},"modified":"2023-02-08T02:41:52","modified_gmt":"2023-02-08T02:41:52","slug":"khoa-hoc","status":"publish","type":"page","link":"https:\/\/doantramy.net\/en\/khoa-hoc\/","title":{"rendered":"Courses"},"content":{"rendered":"<div class=\"wp-block-cover alignwide is-position-center-center\" style=\"min-height:264px\"><span aria-hidden=\"true\" class=\"has-background-dim-70 wp-block-cover__gradient-background has-background-dim\"><\/span><img loading=\"lazy\" width=\"2048\" height=\"1536\" class=\"wp-block-cover__image-background wp-image-1062\" alt=\"\" src=\"http:\/\/doantramy.com\/wp-content\/uploads\/2022\/05\/z3395248533622_1a1af94ecf18637c297566acaf28c094.jpg\" style=\"object-position:25% 65%\" data-object-fit=\"cover\" data-object-position=\"25% 65%\" srcset=\"https:\/\/doantramy.net\/wp-content\/uploads\/2022\/05\/z3395248533622_1a1af94ecf18637c297566acaf28c094.jpg 2048w, https:\/\/doantramy.net\/wp-content\/uploads\/2022\/05\/z3395248533622_1a1af94ecf18637c297566acaf28c094-768x576.jpg 768w, https:\/\/doantramy.net\/wp-content\/uploads\/2022\/05\/z3395248533622_1a1af94ecf18637c297566acaf28c094-1536x1152.jpg 1536w, https:\/\/doantramy.net\/wp-content\/uploads\/2022\/05\/z3395248533622_1a1af94ecf18637c297566acaf28c094-1320x990.jpg 1320w, https:\/\/doantramy.net\/wp-content\/uploads\/2022\/05\/z3395248533622_1a1af94ecf18637c297566acaf28c094-416x312.jpg 416w\" sizes=\"(max-width: 2048px) 100vw, 2048px\" \/><div class=\"wp-block-cover__inner-container\">\n<p class=\"has-text-align-center has-vivid-red-color has-text-color has-huge-font-size\"><mark style=\"background-color:rgba(0, 0, 0, 0);color:#8acc6e\" class=\"has-inline-color\"><strong>Courses<\/strong><br><strong>Coming Soon<\/strong><\/mark><\/p>\n<\/div><\/div>\n\n\n\n<p><\/p>\n\n\n\n<p class=\"has-text-align-left has-large-font-size\"><strong>BASIC COURSES FOR BEGINNERS<\/strong><\/p>\n\n\n\n<div class=\"wp-block-columns\">\n<div class=\"wp-block-column\">\n<div class=\"wp-block-image is-style-default\"><figure class=\"aligncenter size-full\"><img loading=\"lazy\" width=\"1620\" height=\"1620\" src=\"https:\/\/doantramy.com\/wp-content\/uploads\/2023\/02\/1-4.png\" alt=\"\" class=\"wp-image-1643\" srcset=\"https:\/\/doantramy.net\/wp-content\/uploads\/2023\/02\/1-4.png 1620w, https:\/\/doantramy.net\/wp-content\/uploads\/2023\/02\/1-4-150x150.png 150w, https:\/\/doantramy.net\/wp-content\/uploads\/2023\/02\/1-4-768x768.png 768w, https:\/\/doantramy.net\/wp-content\/uploads\/2023\/02\/1-4-1536x1536.png 1536w, https:\/\/doantramy.net\/wp-content\/uploads\/2023\/02\/1-4-12x12.png 12w\" sizes=\"(max-width: 1620px) 100vw, 1620px\" \/><\/figure><\/div>\n\n\n\n<div class=\"wp-container-1 wp-block-buttons alignwide\">\n<div class=\"wp-block-button aligncenter is-style-fill\"><a class=\"wp-block-button__link has-black-color has-text-color has-background\" href=\"https:\/\/doantramy.com\/khai-van-ca-nhan\/\" style=\"background-color:#8a9e68\">\u0110\u0103ng K\u00fd H\u1ecdc &#8211; Enroll<\/a><\/div>\n<\/div>\n<\/div>\n\n\n\n<div class=\"wp-block-column\">\n<div class=\"wp-block-image\"><figure class=\"aligncenter size-full\"><img loading=\"lazy\" width=\"1620\" height=\"1620\" src=\"https:\/\/doantramy.com\/wp-content\/uploads\/2023\/02\/2-1.png\" alt=\"\" class=\"wp-image-1644\" srcset=\"https:\/\/doantramy.net\/wp-content\/uploads\/2023\/02\/2-1.png 1620w, https:\/\/doantramy.net\/wp-content\/uploads\/2023\/02\/2-1-150x150.png 150w, https:\/\/doantramy.net\/wp-content\/uploads\/2023\/02\/2-1-768x768.png 768w, https:\/\/doantramy.net\/wp-content\/uploads\/2023\/02\/2-1-1536x1536.png 1536w, https:\/\/doantramy.net\/wp-content\/uploads\/2023\/02\/2-1-12x12.png 12w\" sizes=\"(max-width: 1620px) 100vw, 1620px\" \/><\/figure><\/div>\n\n\n\n<div class=\"wp-container-2 wp-block-buttons\">\n<div class=\"wp-block-button is-style-fill\"><a class=\"wp-block-button__link has-black-color has-text-color has-background\" href=\"https:\/\/doantramy.com\/khoa-thien-tien-kiep-co-ban\/\" style=\"background-color:#8a9e68\"><i class=\"fas fa-star\"><\/i><i class=\"fas fa-star\"><\/i><i class=\"fas fa-star\"><\/i>\u0110\u0103ng K\u00fd H\u1ecdc &#8211; Enroll<\/a><\/div>\n<\/div>\n<\/div>\n<\/div>\n\n\n\n<div class=\"wp-block-columns\">\n<div class=\"wp-block-column\">\n<figure class=\"wp-block-image size-full is-style-default\"><img loading=\"lazy\" width=\"1620\" height=\"1620\" src=\"https:\/\/doantramy.com\/wp-content\/uploads\/2023\/02\/3.png\" alt=\"\" class=\"wp-image-1630\" srcset=\"https:\/\/doantramy.net\/wp-content\/uploads\/2023\/02\/3.png 1620w, https:\/\/doantramy.net\/wp-content\/uploads\/2023\/02\/3-150x150.png 150w, https:\/\/doantramy.net\/wp-content\/uploads\/2023\/02\/3-768x768.png 768w, https:\/\/doantramy.net\/wp-content\/uploads\/2023\/02\/3-1536x1536.png 1536w, https:\/\/doantramy.net\/wp-content\/uploads\/2023\/02\/3-12x12.png 12w\" sizes=\"(max-width: 1620px) 100vw, 1620px\" \/><\/figure>\n\n\n\n<div class=\"wp-container-3 wp-block-buttons\">\n<div class=\"wp-block-button aligncenter is-style-fill\"><a class=\"wp-block-button__link has-black-color has-text-color has-background\" href=\"https:\/\/doantramy.com\/khoa-hand-nang-luong\/\" style=\"background-color:#8a9e68\"><i class=\"fas fa-star\"><\/i><i class=\"fas fa-star\"><\/i>\u0110\u0103ng K\u00fd H\u1ecdc &#8211; Enroll<\/a><\/div>\n<\/div>\n<\/div>\n\n\n\n<div class=\"wp-block-column\">\n<figure class=\"wp-block-image size-full is-style-default\"><img loading=\"lazy\" width=\"1620\" height=\"1620\" src=\"https:\/\/doantramy.com\/wp-content\/uploads\/2023\/02\/4-1.png\" alt=\"\" class=\"wp-image-1636\" srcset=\"https:\/\/doantramy.net\/wp-content\/uploads\/2023\/02\/4-1.png 1620w, https:\/\/doantramy.net\/wp-content\/uploads\/2023\/02\/4-1-150x150.png 150w, https:\/\/doantramy.net\/wp-content\/uploads\/2023\/02\/4-1-768x768.png 768w, https:\/\/doantramy.net\/wp-content\/uploads\/2023\/02\/4-1-1536x1536.png 1536w, https:\/\/doantramy.net\/wp-content\/uploads\/2023\/02\/4-1-12x12.png 12w\" sizes=\"(max-width: 1620px) 100vw, 1620px\" \/><\/figure>\n\n\n\n<div class=\"wp-container-4 wp-block-buttons\">\n<div class=\"wp-block-button aligncenter is-style-fill\"><a class=\"wp-block-button__link has-black-color has-text-color has-background\" href=\"https:\/\/doantramy.com\/khoa-hand-luan-xa\/\" style=\"background-color:#8a9e68\">\u0110\u0103ng K\u00fd H\u1ecdc &#8211; Enroll<\/a><\/div>\n<\/div>\n<\/div>\n<\/div>\n\n\n\n<p class=\"has-text-align-left has-large-font-size\"><strong>ADVANCED COURSES<\/strong><\/p>\n\n\n\n<div class=\"wp-block-columns\">\n<div class=\"wp-block-column\">\n<div class=\"wp-block-image\"><figure class=\"aligncenter size-full\"><img loading=\"lazy\" width=\"1620\" height=\"1620\" src=\"https:\/\/doantramy.com\/wp-content\/uploads\/2023\/02\/5.png\" alt=\"\" class=\"wp-image-1632\" srcset=\"https:\/\/doantramy.net\/wp-content\/uploads\/2023\/02\/5.png 1620w, https:\/\/doantramy.net\/wp-content\/uploads\/2023\/02\/5-150x150.png 150w, https:\/\/doantramy.net\/wp-content\/uploads\/2023\/02\/5-768x768.png 768w, https:\/\/doantramy.net\/wp-content\/uploads\/2023\/02\/5-1536x1536.png 1536w, https:\/\/doantramy.net\/wp-content\/uploads\/2023\/02\/5-12x12.png 12w\" sizes=\"(max-width: 1620px) 100vw, 1620px\" \/><\/figure><\/div>\n\n\n\n<div class=\"wp-container-5 wp-block-buttons\">\n<div class=\"wp-block-button aligncenter is-style-fill\"><a class=\"wp-block-button__link has-black-color has-text-color has-background\" href=\"https:\/\/doantramy.com\/dang-ky\/\" style=\"background-color:#8a9e68\">\u0110\u0103ng K\u00fd H\u1ecdc &#8211; Enroll<\/a><\/div>\n<\/div>\n<\/div>\n\n\n\n<div class=\"wp-block-column\">\n<div class=\"wp-block-image\"><figure class=\"aligncenter size-full\"><img loading=\"lazy\" width=\"1620\" height=\"1620\" src=\"https:\/\/doantramy.com\/wp-content\/uploads\/2023\/02\/6-3.png\" alt=\"\" class=\"wp-image-1645\" srcset=\"https:\/\/doantramy.net\/wp-content\/uploads\/2023\/02\/6-3.png 1620w, https:\/\/doantramy.net\/wp-content\/uploads\/2023\/02\/6-3-150x150.png 150w, https:\/\/doantramy.net\/wp-content\/uploads\/2023\/02\/6-3-768x768.png 768w, https:\/\/doantramy.net\/wp-content\/uploads\/2023\/02\/6-3-1536x1536.png 1536w, https:\/\/doantramy.net\/wp-content\/uploads\/2023\/02\/6-3-12x12.png 12w\" sizes=\"(max-width: 1620px) 100vw, 1620px\" \/><\/figure><\/div>\n\n\n\n<div class=\"wp-container-6 wp-block-buttons\">\n<div class=\"wp-block-button aligncenter is-style-fill\"><a class=\"wp-block-button__link has-black-color has-text-color has-background\" href=\"https:\/\/doantramy.com\/khoa-thien-tien-kiep-nang-cao-02-van-minh-co\/\" style=\"background-color:#8a9e68\"><i class=\"fas fa-star\"><\/i><i class=\"fas fa-star\"><\/i><i class=\"fas fa-star\"><\/i>\u0110\u0103ng K\u00fd H\u1ecdc &#8211; Enroll<\/a><\/div>\n<\/div>\n\n\n\n<p><\/p>\n<\/div>\n<\/div>\n\n\n\n<div class=\"wp-block-columns\">\n<div class=\"wp-block-column\">\n<figure class=\"wp-block-image size-full\"><img loading=\"lazy\" width=\"1620\" height=\"1620\" src=\"https:\/\/doantramy.com\/wp-content\/uploads\/2023\/02\/8-1.png\" alt=\"\" class=\"wp-image-1646\" srcset=\"https:\/\/doantramy.net\/wp-content\/uploads\/2023\/02\/8-1.png 1620w, https:\/\/doantramy.net\/wp-content\/uploads\/2023\/02\/8-1-150x150.png 150w, https:\/\/doantramy.net\/wp-content\/uploads\/2023\/02\/8-1-768x768.png 768w, https:\/\/doantramy.net\/wp-content\/uploads\/2023\/02\/8-1-1536x1536.png 1536w, https:\/\/doantramy.net\/wp-content\/uploads\/2023\/02\/8-1-12x12.png 12w\" sizes=\"(max-width: 1620px) 100vw, 1620px\" \/><\/figure>\n\n\n\n<div class=\"wp-container-7 wp-block-buttons\">\n<div class=\"wp-block-button aligncenter is-style-fill\"><a class=\"wp-block-button__link has-black-color has-text-color has-background\" href=\"https:\/\/doantramy.com\/goi-chua-lanh-ca-nhan\/\" style=\"background-color:#8a9368\"><i class=\"fas fa-star\"><\/i>\u0110\u0103ng K\u00fd H\u1ecdc &#8211; Enroll<\/a><\/div>\n<\/div>\n<\/div>\n\n\n\n<div class=\"wp-block-column\">\n<figure class=\"wp-block-image size-full is-style-default\"><img loading=\"lazy\" width=\"1620\" height=\"1620\" src=\"https:\/\/doantramy.com\/wp-content\/uploads\/2023\/02\/7-2.png\" alt=\"\" class=\"wp-image-1647\" srcset=\"https:\/\/doantramy.net\/wp-content\/uploads\/2023\/02\/7-2.png 1620w, https:\/\/doantramy.net\/wp-content\/uploads\/2023\/02\/7-2-150x150.png 150w, https:\/\/doantramy.net\/wp-content\/uploads\/2023\/02\/7-2-768x768.png 768w, https:\/\/doantramy.net\/wp-content\/uploads\/2023\/02\/7-2-1536x1536.png 1536w, https:\/\/doantramy.net\/wp-content\/uploads\/2023\/02\/7-2-12x12.png 12w\" sizes=\"(max-width: 1620px) 100vw, 1620px\" \/><\/figure>\n\n\n\n<div class=\"wp-container-8 wp-block-buttons\">\n<div class=\"wp-block-button is-style-fill\"><a class=\"wp-block-button__link has-black-color has-text-color has-background\" href=\"https:\/\/doantramy.com\/dang-ky\/\" style=\"background-color:#7d8e6b\">\u0110\u0103ng K\u00fd H\u1ecdc &#8211; Enroll<\/a><\/div>\n<\/div>\n<\/div>\n<\/div>\n\n\n\n<p><\/p>\n\n\n\n<p class=\"has-text-align-left has-large-font-size\"><strong>SPECIAL OFFER<\/strong><\/p>\n\n\n\n<div class=\"wp-block-columns\">\n<div class=\"wp-block-column\">\n<figure class=\"wp-block-image size-full\"><img loading=\"lazy\" width=\"1080\" height=\"1080\" src=\"https:\/\/doantramy.com\/wp-content\/uploads\/2022\/05\/Ban-Tay-Chua-Lanh-17.png\" alt=\"\" class=\"wp-image-965\" srcset=\"https:\/\/doantramy.net\/wp-content\/uploads\/2022\/05\/Ban-Tay-Chua-Lanh-17.png 1080w, https:\/\/doantramy.net\/wp-content\/uploads\/2022\/05\/Ban-Tay-Chua-Lanh-17-324x324.png 324w, https:\/\/doantramy.net\/wp-content\/uploads\/2022\/05\/Ban-Tay-Chua-Lanh-17-100x100.png 100w, https:\/\/doantramy.net\/wp-content\/uploads\/2022\/05\/Ban-Tay-Chua-Lanh-17-416x416.png 416w, https:\/\/doantramy.net\/wp-content\/uploads\/2022\/05\/Ban-Tay-Chua-Lanh-17-150x150.png 150w, https:\/\/doantramy.net\/wp-content\/uploads\/2022\/05\/Ban-Tay-Chua-Lanh-17-768x768.png 768w\" sizes=\"(max-width: 1080px) 100vw, 1080px\" \/><\/figure>\n\n\n\n<div class=\"wp-container-9 wp-block-buttons\">\n<div class=\"wp-block-button aligncenter is-style-fill\"><a class=\"wp-block-button__link has-black-color has-text-color has-background\" href=\"https:\/\/doantramy.com\/dang-ky\/\" style=\"background-color:#8a9e68\"><i class=\"fas fa-star\"><\/i>GET OFFER<\/a><\/div>\n<\/div>\n<\/div>\n\n\n\n<div class=\"wp-block-column\">\n<figure class=\"wp-block-image size-full\"><img loading=\"lazy\" width=\"1080\" height=\"1080\" src=\"https:\/\/doantramy.com\/wp-content\/uploads\/2022\/05\/Ban-Tay-Chua-Lanh-19.png\" alt=\"\" class=\"wp-image-966\" srcset=\"https:\/\/doantramy.net\/wp-content\/uploads\/2022\/05\/Ban-Tay-Chua-Lanh-19.png 1080w, https:\/\/doantramy.net\/wp-content\/uploads\/2022\/05\/Ban-Tay-Chua-Lanh-19-324x324.png 324w, https:\/\/doantramy.net\/wp-content\/uploads\/2022\/05\/Ban-Tay-Chua-Lanh-19-100x100.png 100w, https:\/\/doantramy.net\/wp-content\/uploads\/2022\/05\/Ban-Tay-Chua-Lanh-19-416x416.png 416w, https:\/\/doantramy.net\/wp-content\/uploads\/2022\/05\/Ban-Tay-Chua-Lanh-19-150x150.png 150w, https:\/\/doantramy.net\/wp-content\/uploads\/2022\/05\/Ban-Tay-Chua-Lanh-19-768x768.png 768w\" sizes=\"(max-width: 1080px) 100vw, 1080px\" \/><\/figure>\n\n\n\n<div class=\"wp-container-10 wp-block-buttons\">\n<div class=\"wp-block-button aligncenter is-style-fill\"><a class=\"wp-block-button__link has-black-color has-text-color has-background\" href=\"https:\/\/doantramy.com\/dang-ky\/\" style=\"background-color:#8a9e68\"><i class=\"fas fa-star\"><\/i><i class=\"fas fa-star\"><\/i><i class=\"fas fa-star\"><\/i>GET OFFER<\/a><\/div>\n<\/div>\n<\/div>\n<\/div>","protected":false},"excerpt":{"rendered":"<p>KH\u00d3A C\u01a0 B\u1ea2N D\u00c0NH CHO NG\u01af\u1edcI M\u1edaI KH\u00d3A N\u00c2NG CAO COMBO \u01afU \u0110\u00c3I<\/p>","protected":false},"author":1,"featured_media":0,"parent":0,"menu_order":0,"comment_status":"closed","ping_status":"closed","template":"","meta":[],"_links":{"self":[{"href":"https:\/\/doantramy.net\/en\/wp-json\/wp\/v2\/pages\/50"}],"collection":[{"href":"https:\/\/doantramy.net\/en\/wp-json\/wp\/v2\/pages"}],"about":[{"href":"https:\/\/doantramy.net\/en\/wp-json\/wp\/v2\/types\/page"}],"author":[{"embeddable":true,"href":"https:\/\/doantramy.net\/en\/wp-json\/wp\/v2\/users\/1"}],"replies":[{"embeddable":true,"href":"https:\/\/doantramy.net\/en\/wp-json\/wp\/v2\/comments?post=50"}],"version-history":[{"count":53,"href":"https:\/\/doantramy.net\/en\/wp-json\/wp\/v2\/pages\/50\/revisions"}],"predecessor-version":[{"id":1650,"href":"https:\/\/doantramy.net\/en\/wp-json\/wp\/v2\/pages\/50\/revisions\/1650"}],"wp:attachment":[{"href":"https:\/\/doantramy.net\/en\/wp-json\/wp\/v2\/media?parent=50"}],"curies":[{"name":"wp","href":"https:\/\/api.w.org\/{rel}","templated":true}]}}