{"id":1482,"date":"2022-05-10T01:14:15","date_gmt":"2022-05-10T01:14:15","guid":{"rendered":"https:\/\/doantramy.com\/?page_id=1482"},"modified":"2022-12-25T09:50:38","modified_gmt":"2022-12-25T09:50:38","slug":"goi-chua-lanh-ca-nhan","status":"publish","type":"page","link":"https:\/\/doantramy.net\/en\/goi-chua-lanh-ca-nhan\/","title":{"rendered":"G\u00f3i Ch\u1eefa L\u00e0nh C\u00e1 Nh\u00e2n"},"content":{"rendered":"<div class=\"wp-block-cover\"><span aria-hidden=\"true\" class=\"has-background-dim-90 wp-block-cover__gradient-background has-luminous-dusk-gradient-background has-background-dim has-background-gradient\"><\/span><img loading=\"lazy\" width=\"2048\" height=\"1536\" class=\"wp-block-cover__image-background wp-image-986\" alt=\"\" src=\"http:\/\/doantramy.com\/wp-content\/uploads\/2022\/05\/z3395248600152_f85e6128445073331d96edb68b666394.jpg\" style=\"object-position:53% 93%\" data-object-fit=\"cover\" data-object-position=\"53% 93%\" srcset=\"https:\/\/doantramy.net\/wp-content\/uploads\/2022\/05\/z3395248600152_f85e6128445073331d96edb68b666394.jpg 2048w, https:\/\/doantramy.net\/wp-content\/uploads\/2022\/05\/z3395248600152_f85e6128445073331d96edb68b666394-416x312.jpg 416w, https:\/\/doantramy.net\/wp-content\/uploads\/2022\/05\/z3395248600152_f85e6128445073331d96edb68b666394-768x576.jpg 768w, https:\/\/doantramy.net\/wp-content\/uploads\/2022\/05\/z3395248600152_f85e6128445073331d96edb68b666394-1536x1152.jpg 1536w\" sizes=\"(max-width: 2048px) 100vw, 2048px\" \/><div class=\"wp-block-cover__inner-container\">\n<div class=\"wp-block-columns\">\n<div class=\"wp-block-column\">\n<p><i class=\"fas fa-signature\"><\/i> Tham Gia<\/p>\n\n\n\n<p class=\"has-text-align-center\" style=\"font-size:30px\"><strong>Personal Healing<\/strong><\/p>\n\n\n\n<p><strong>Healer \u0111\u1eb7t tay t\u1eeb xa v\u00e0 thi\u1ec1n ti\u1ec1n ki\u1ebfp cho b\u1ea1n<\/strong><\/p>\n\n\n\n<p><strong>\u0110\u1ed1i T\u01b0\u1ee3ng <\/strong><br><i class=\"fas fa-check\"><\/i> H\u1ecdc vi\u00ean \u0111\u00e3 h\u1ecdc c\u00e1c kh\u00f3a c\u01a1 b\u1ea3n<br><i class=\"fas fa-check\"><\/i> Ng\u01b0\u1eddi nh\u00e0 h\u1ecdc vi\u00ean<br><i class=\"fas fa-check\"><\/i> Ng\u01b0\u1eddi m\u1edbi c\u00f3 v\u1ea5n \u0111\u1ec1 c\u1ea5p b\u00e1ch, v\u1eeba ch\u1eefa v\u1eeba h\u1ecdc song song v\u1edbi kh\u00f3a c\u01a1 b\u1ea3n.<\/p>\n<\/div>\n\n\n\n<div class=\"wp-block-column is-vertically-aligned-center\">\n<p><\/p>\n\n\n\n<p class=\"has-text-align-center\" style=\"font-size:30px\"><strong>Li\u1ec7u Tr\u00ecnh 5 bu\u1ed5i<\/strong><br>H\u1ecdc ph\u00ed 3.500.000\u0111<\/p>\n\n\n\n<div class=\"wp-container-1 wp-block-buttons\">\n<div class=\"wp-block-button aligncenter is-style-fill\"><a class=\"wp-block-button__link has-black-color has-cool-to-warm-spectrum-gradient-background has-text-color has-background\" href=\"https:\/\/doantramy.com\/dang-ky\/\">Register <\/a><\/div>\n<\/div>\n\n\n\n<p><\/p>\n\n\n\n<p class=\"has-text-align-center\"><em>Ng\u01b0\u1eddi m\u1edbi b\u1eaft bu\u1ed9c ph\u1ea3i \u0111\u0103ng k\u00fd k\u00e8m <\/em><br><em>01 kh\u00f3a h\u1ecdc c\u01a1 b\u1ea3n<\/em><\/p>\n<\/div>\n<\/div>\n<\/div><\/div>\n\n\n\n<p><\/p>","protected":false},"excerpt":{"rendered":"","protected":false},"author":2,"featured_media":0,"parent":0,"menu_order":0,"comment_status":"closed","ping_status":"closed","template":"","meta":[],"_links":{"self":[{"href":"https:\/\/doantramy.net\/en\/wp-json\/wp\/v2\/pages\/1482"}],"collection":[{"href":"https:\/\/doantramy.net\/en\/wp-json\/wp\/v2\/pages"}],"about":[{"href":"https:\/\/doantramy.net\/en\/wp-json\/wp\/v2\/types\/page"}],"author":[{"embeddable":true,"href":"https:\/\/doantramy.net\/en\/wp-json\/wp\/v2\/users\/2"}],"replies":[{"embeddable":true,"href":"https:\/\/doantramy.net\/en\/wp-json\/wp\/v2\/comments?post=1482"}],"version-history":[{"count":6,"href":"https:\/\/doantramy.net\/en\/wp-json\/wp\/v2\/pages\/1482\/revisions"}],"predecessor-version":[{"id":1585,"href":"https:\/\/doantramy.net\/en\/wp-json\/wp\/v2\/pages\/1482\/revisions\/1585"}],"wp:attachment":[{"href":"https:\/\/doantramy.net\/en\/wp-json\/wp\/v2\/media?parent=1482"}],"curies":[{"name":"wp","href":"https:\/\/api.w.org\/{rel}","templated":true}]}}