{"id":1458,"date":"2022-05-09T11:26:00","date_gmt":"2022-05-09T11:26:00","guid":{"rendered":"https:\/\/doantramy.com\/?page_id=1458"},"modified":"2022-05-10T02:27:42","modified_gmt":"2022-05-10T02:27:42","slug":"khoa-thien-tien-kiep-nang-cao-02-van-minh-co","status":"publish","type":"page","link":"https:\/\/doantramy.net\/en\/khoa-thien-tien-kiep-nang-cao-02-van-minh-co\/","title":{"rendered":"Kh\u00f3a Thi\u1ec1n Ti\u1ec1n Ki\u1ebfp N\u00e2ng Cao 02- V\u0103n Minh C\u1ed5"},"content":{"rendered":"<div class=\"wp-block-cover is-light\"><span aria-hidden=\"true\" class=\"has-pale-pink-background-color has-background-dim-70 wp-block-cover__gradient-background has-background-dim\"><\/span><img loading=\"lazy\" width=\"915\" height=\"515\" class=\"wp-block-cover__image-background wp-image-562\" alt=\"\" src=\"http:\/\/doantramy.com\/wp-content\/uploads\/2020\/11\/Dragon_war_by_csuk_1t-d7k02yy-915x515-1.png\" data-object-fit=\"cover\" srcset=\"https:\/\/doantramy.net\/wp-content\/uploads\/2020\/11\/Dragon_war_by_csuk_1t-d7k02yy-915x515-1.png 915w, https:\/\/doantramy.net\/wp-content\/uploads\/2020\/11\/Dragon_war_by_csuk_1t-d7k02yy-915x515-1-416x234.png 416w, https:\/\/doantramy.net\/wp-content\/uploads\/2020\/11\/Dragon_war_by_csuk_1t-d7k02yy-915x515-1-768x432.png 768w\" sizes=\"(max-width: 915px) 100vw, 915px\" \/><div class=\"wp-block-cover__inner-container\">\n<div class=\"wp-block-columns\">\n<div class=\"wp-block-column\">\n<p class=\"has-text-align-center\" style=\"font-size:25px\"><i class=\"fas fa-signature\"><\/i> Join course<\/p>\n\n\n\n<p class=\"has-text-align-center\" style=\"font-size:30px\">Thi\u1ec1n Ti\u1ec1n Ki\u1ebfp<br><strong>KH\u00d3A N\u00c2NG CAO 02- V\u0102N MINH C\u1ed4<\/strong><\/p>\n\n\n\n<p class=\"has-text-align-center\" style=\"font-size:17px\">Tr\u1edf v\u1ec1 nh\u1eefng ki\u1ebfp s\u1ed1ng t\u1eeb khi Tr\u00e1i \u0110\u1ea5t m\u1edbi h\u00ecnh th\u00e0nh \u0111\u1ec3 ch\u1eefa l\u00e0nh t\u1eeb g\u1ed1c r\u1ec5<br><em>***Kh\u00f3a h\u1ecdc \u0111\u01b0\u1ee3c y\u00eau th\u00edch nh\u1ea5t<\/em><\/p>\n<\/div>\n\n\n\n<div class=\"wp-block-column\">\n<p class=\"has-text-align-center\" style=\"font-size:30px\"><strong>Tuition<br><s>$600<\/s><\/strong><\/p>\n\n\n\n<p class=\"has-text-align-center\" style=\"font-size:25px\"><i class=\"fas fa-star\"><\/i> <mark style=\"background-color:rgba(0, 0, 0, 0)\" class=\"has-inline-color has-black-color\"><strong><span style=\"text-decoration: underline;\">\u0110\u1eb7c bi\u1ec7t: Gi\u1ea3m c\u00f2n 4,990,000\u0111<\/span><\/strong><\/mark><br>khi \u0111\u0103ng k\u00fd c\u00f9ng kh\u00f3a <br>Thi\u1ec1n  c\u01a1 b\u1ea3n<\/p>\n\n\n\n<div class=\"wp-container-1 wp-block-buttons\">\n<div class=\"wp-block-button aligncenter is-style-fill\"><a class=\"wp-block-button__link has-black-color has-cool-to-warm-spectrum-gradient-background has-text-color has-background\" href=\"https:\/\/doantramy.com\/dang-ky\/\"><i class=\"fas fa-signature\"><\/i> T\u00f4i mu\u1ed1n nh\u1eadn \u01b0u \u0111\u00e3i!<\/a><\/div>\n<\/div>\n<\/div>\n<\/div>\n<\/div><\/div>\n\n\n\n<p class=\"has-text-align-center\" style=\"font-size:30px\"><strong>T\u1ea1i Sao T\u00f4i N\u00ean H\u1ecdc?<\/strong><\/p>\n\n\n\n<p>Ch\u00fang ta \u0111ang \u1edf trong giai \u0111o\u1ea1n <strong>k\u1ebft th\u00fac v\u0103n minh<\/strong>, b\u1ec7nh d\u1ecbch, thi\u00ean tai, chi\u1ebfn tranh, suy tho\u00e1i \u0111\u00e3 v\u00e0 ti\u1ebfp t\u1ee5c x\u1ea3y ra \u1edf kh\u1eafp n\u01a1i tr\u00ean th\u1ebf gi\u1edbi. N\u1ebfu \u0111\u00e2y l\u00e0 \u0111i\u1ec1u kh\u00f4ng th\u1ec3 tr\u00e1nh kh\u1ecfi th\u00ec ch\u00fang ta n\u00ean <strong>\u1ee9ng x\u1eed<\/strong> nh\u01b0 th\u1ebf n\u00e0o trong gia \u0111o\u1ea1n n\u00e0y \u0111\u00e2y?<br><br>B\u1ea1n s\u1ebd t\u00ecm ra <strong>c\u00e2u tr\u1ea3 l\u1eddi<\/strong> trong ch\u00ednh nh\u1eefng ki\u1ebfp s\u1ed1ng tr\u01b0\u1edbc \u0111\u00e2y c\u1ee7a m\u00ecnh, \u1edf c\u00e1c v\u0103n minh c\u1ed5. \u0110\u00e2y kh\u00f4ng ph\u1ea3i l\u00e0 l\u1ea7n \u0111\u1ea7u ti\u00ean Tr\u00e1i \u0110\u1ea5t tr\u1ea3i qua s\u1ee5p \u0111\u1ed5 v\u0103n minh, m\u00e0 \u1edf c\u00e1c <strong>v\u0103n minh c\u1ed5<\/strong>, ch\u00fang ta \u0111\u00e3 tr\u1ea3i qua nh\u1eefng \u0111\u1ee3t chuy\u1ec3n \u0111\u1ed5i v\u00f4 c\u00f9ng <strong>th\u1ea3m kh\u1ed1c<\/strong> v\u00e0 kh\u1eafc nghi\u1ec7t. <br><br>C\u00f3 th\u1ec3 k\u1ec3 \u0111\u1ebfn <strong>v\u1ee5 n\u1ed5 <\/strong>mang t\u1ea7m v\u0169 tr\u1ee5 c\u1ee7a h\u00e0nh tinh <strong>Maldek<\/strong> (m\u00e0 b\u00e2y gi\u1edd t\u00e0n d\u01b0 c\u1ee7a n\u00f3 ch\u1ec9 c\u00f2n l\u00e0 m\u1ed9t v\u00e0nh \u0111ai thi\u00ean th\u1ea1ch), v\u1ee5 \u0111\u00f3ng b\u0103ng to\u00e0n b\u1ed9 b\u1ec1 m\u1eb7t Tr\u00e1i \u0110\u1ea5t c\u1ee7a <strong>K\u1ef7 B\u0103ng H\u00e0,<\/strong> v\u1ee5 nh\u1ea5n ch\u00ecm to\u00e0n b\u1ed9 s\u1ef1 s\u1ed1ng c\u1ee7a Tr\u00e1i \u0110\u1ea5t trong bi\u1ec3n n\u01b0\u1edbc c\u1ee7a tr\u1eadn <strong>\u0110\u1ea1i H\u1ed3ng Th\u1ee7y<\/strong>.<br><br>Ch\u00fang ta \u0111\u00e3 t\u1eebng c\u00f3 nh\u1eefng \u0111\u1eddi <strong>th\u00e0nh c\u00f4ng<\/strong> \u0111i qua c\u00e1c giai \u0111o\u1ea1n chuy\u1ec3n \u0111\u1ed5i kh\u1eafc nghi\u1ec7t \u0111\u00f3, v\u00e0 c\u0169ng c\u00f3 nh\u1eefng \u0111\u1eddi <strong>th\u1ea5t b\u1ea1i<\/strong>. B\u00e2y gi\u1edd, ch\u00fang ta ch\u1ec9 c\u1ea7n <strong>nh\u1edb l\u1ea1i<\/strong> nh\u1eefng tr\u1ea3i nghi\u1ec7m c\u1ee7a m\u00ecnh \u0111\u1ec3 bi\u1ebft m\u00ecnh ph\u1ea3i l\u00e0m g\u00ec trong cu\u1ed9c ch\u01a1i n\u00e0y. <\/p>\n\n\n\n<p class=\"has-text-align-center\"><em>\u0110i\u1ec1u ki\u1ec7n tham gia: \u0111\u00e3 ho\u00e0n th\u00e0nh Kh\u00f3a Thi\u1ec1n C\u01a1 B\u1ea3n. \u0110\u0103ng k\u00fd combo 2 kh\u00f3a \u0111\u1ec3<strong> nh\u1eadn \u01b0u \u0111\u00e3i<\/strong> l\u00ean \u0111\u1ebfn 1,000,000\u0111<\/em><\/p>\n\n\n\n<div class=\"wp-container-2 wp-block-buttons\">\n<div class=\"wp-block-button aligncenter is-style-fill\"><a class=\"wp-block-button__link has-black-color has-cool-to-warm-spectrum-gradient-background has-text-color has-background\" href=\"https:\/\/doantramy.com\/dang-ky\/\"><i class=\"fas fa-signature\"><\/i> Nh\u1eadn \u01afu \u0110\u00e3i!<\/a><\/div>\n<\/div>\n\n\n\n<p class=\"has-text-align-center has-large-font-size\"><strong>N\u1ed8I DUNG KH\u00d3A H\u1eccC<\/strong><\/p>\n\n\n\n<div class=\"wp-block-columns\">\n<div class=\"wp-block-column\">\n<p><strong>Bu\u1ed5i 1. Th\u1eddi k\u1ef3 s\u01a1 khai<\/strong><\/p>\n\n\n\n<ul><li>D\u1ef1 \u00e1n ADN c\u1ee7a Tr\u00e1i \u0110\u1ea5t, h\u1ed9i \u0111\u1ed3ng Tr\u00e1i \u0110\u1ea5t, nguy\u00ean l\u00fd \u0111\u1ea7u thai<\/li><li>Ba n\u0103ng l\u01b0\u1ee3ng s\u1ed1ng v\u00e0 ba c\u1ea5u tr\u00fac s\u1ed1ng c\u01a1 b\u1ea3n: r\u1ed3ng, c\u00e2y, ng\u01b0\u1eddi<\/li><li>L\u1ecbch s\u1eed Tr\u00e1i \u0110\u1ea5t &#8211; H\u1ee3p t\u1eed Tr\u00e1i \u0110\u1ea5t, nh\u1eefng cu\u1ed9c chi\u1ebfn r\u1ed3ng<\/li><\/ul>\n\n\n\n<p><strong>Bu\u1ed5i 2. Th\u1eddi k\u1ef3 chi\u1ebfn tranh n\u0103ng l\u01b0\u1ee3ng &#8211; T\u1ed5ng thi\u00ean th\u1ea7n Micheal &amp; Lucifer<\/strong><\/p>\n\n\n\n<ul><li>B\u00e0o thai Tr\u00e1i \u0110\u1ea5t, c\u1ea5u tr\u00fac l\u1ee5c \u0111\u1ecba &amp; \u0111\u1ea1i d\u01b0\u01a1ng, c\u1ea5u tr\u00fac \u0110\u1ecba C\u1ea7u<\/li><li>Nguy\u00ean t\u1eafc c\u01a1 b\u1ea3n v\u1ec1 b\u1ed5 sung n\u0103ng l\u01b0\u1ee3ng cho Tr\u00e1i \u0110\u1ea5t<\/li><li>Tr\u1eadn chi\u1ebfn n\u0103ng l\u01b0\u1ee3ng: t\u00ecnh y\u00eau, chi\u1ebfn tranh, quan s\u00e1t v\u00e0 ki\u1ebfn t\u1ea1o<\/li><\/ul>\n<\/div>\n\n\n\n<div class=\"wp-block-column\">\n<figure class=\"wp-block-image size-large is-style-default\"><img loading=\"lazy\" width=\"460\" height=\"580\" src=\"http:\/\/doantramy.com\/wp-content\/uploads\/2020\/11\/6271af1cda80769ab48a20051bd1c5c1-460x580.jpg\" alt=\"\" class=\"wp-image-567\"\/><\/figure>\n<\/div>\n<\/div>\n\n\n\n<div class=\"wp-block-columns\">\n<div class=\"wp-block-column\">\n<div class=\"wp-block-image is-style-default\"><figure class=\"aligncenter size-full\"><img loading=\"lazy\" width=\"640\" height=\"452\" src=\"http:\/\/doantramy.com\/wp-content\/uploads\/2020\/10\/hinh-anh-dep-cung-nhan-ma-7.jpg\" alt=\"\" class=\"wp-image-529\" srcset=\"https:\/\/doantramy.net\/wp-content\/uploads\/2020\/10\/hinh-anh-dep-cung-nhan-ma-7.jpg 640w, https:\/\/doantramy.net\/wp-content\/uploads\/2020\/10\/hinh-anh-dep-cung-nhan-ma-7-416x294.jpg 416w\" sizes=\"(max-width: 640px) 100vw, 640px\" \/><figcaption><em>Nh\u00e2n m\u00e3, th\u1ea7n th\u00fa, \u00e1 th\u1ea7n t\u1eebng s\u1ed1ng \u1edf l\u1ee5c \u0111\u1ecba Pangea, l\u1ee5c \u0111\u1ecba \u0111\u01b0\u1ee3c cho l\u00e0 \u0111\u00e3 ch\u00ecm d\u01b0\u1edbi l\u00f2ng bi\u1ec3n<\/em><\/figcaption><\/figure><\/div>\n<\/div>\n\n\n\n<div class=\"wp-block-column\">\n<p><strong>Bu\u1ed5i 3. C\u1ea5u tr\u00fac c\u00e2y v\u00e0 c\u00e2y s\u1ef1 s\u1ed1ng<\/strong><\/p>\n\n\n\n<ul><li>C\u1ea5u tr\u00fac c\u00e2y<\/li><li>K\u1ebft c\u1ea5u Tr\u00e1i \u0110\u1ea5t: C\u00e1c tr\u1ee5c, c\u00e1c m\u1ea3ng l\u1ee5c \u0111\u1ecba v\u00e0 \u0111\u1ea1i d\u01b0\u01a1ng<\/li><li>S\u1ef1 ki\u1ec7n l\u1ecbch s\u1eed &#8211; C\u00e2y s\u1ef1 s\u1ed1ng \u0111\u01b0\u1ee3c t\u1ea1o ra tr\u00ean Tr\u00e1i \u0110\u1ea5t th\u1ebf n\u00e0o ?<\/li><\/ul>\n\n\n\n<p><strong>Bu\u1ed5i 4. Th\u1eddi k\u1ef3 Pangea ho\u00e0 h\u1ee3p<\/strong><\/p>\n\n\n\n<ul><li>C\u00e1c h\u00ecnh th\u00e1i \u0111\u1ea7u thai ch\u00ednh: th\u00fa, \u00e1 th\u1ea7n, tinh th\u1ea7n c\u1ee7a c\u00e1c nguy\u00ean t\u1ed1\/tinh linh\/y\u1ebfu t\u1ed1 v\u00f4 \u0111\u1ecbnh h\u00ecnh<\/li><li>C\u00e1c c\u1ed9ng \u0111\u1ed3ng th\u1eddi Pangea, c\u00e1ch t\u1ea1o ra c\u00e1c c\u1ed9ng \u0111\u1ed3ng v\u00e0 c\u00e1c gi\u1ed1ng lo\u00e0i m\u1edbi&nbsp;<\/li><li>S\u1ef1 ki\u1ec7n l\u1ecbch s\u1eed &#8211; V\u1ee5 n\u1ed5 Maldek<\/li><\/ul>\n<\/div>\n<\/div>\n\n\n\n<div class=\"wp-block-columns\">\n<div class=\"wp-block-column\">\n<p><strong>Bu\u1ed5i 5. Pangea ph\u00e2n ho\u00e1 &#8211; Th\u1eddi k\u1ef3 kh\u1ee7ng long<\/strong><\/p>\n\n\n\n<ul><li>S\u1ef1 s\u1ed1ng sau Maldek: t\u1ea7ng b\u1ec1 m\u1eb7t, t\u1ea7ng l\u00f2ng \u0111\u1ea5t s\u00e1t b\u1ec1 m\u1eb7t, t\u1ea7ng trong l\u00f2ng \u0111\u1ea5t<\/li><li>\u0110\u1eddi s\u1ed1ng sinh v\u1eadt Pangea \u2013 ho\u1ea3 l\u00ean thu\u1ef7 xu\u1ed1ng<\/li><li>L\u1ee5c \u0111\u1ecba Pangea ph\u00e2n t\u00e1ch<\/li><\/ul>\n\n\n\n<p><strong>Bu\u1ed5i 6. K\u1ef7 B\u0103ng H\u00e0<\/strong><\/p>\n\n\n\n<ul><li>C\u00e1c c\u1ed5ng n\u0103ng l\u01b0\u1ee3ng h\u00e0nh tinh<\/li><li>\u0110\u1ea3o c\u1ef1c \u00e2m d\u01b0\u01a1ng <\/li><li>S\u01b0 s\u1ed1ng trong k\u1ef7 B\u0103ng H\u00e0<\/li><\/ul>\n<\/div>\n\n\n\n<div class=\"wp-block-column\">\n<div class=\"wp-block-image is-style-default\"><figure class=\"aligncenter size-full\"><img loading=\"lazy\" width=\"650\" height=\"345\" src=\"http:\/\/doantramy.com\/wp-content\/uploads\/2020\/12\/away-4092262_1920.jpg\" alt=\"\" class=\"wp-image-594\" srcset=\"https:\/\/doantramy.net\/wp-content\/uploads\/2020\/12\/away-4092262_1920.jpg 650w, https:\/\/doantramy.net\/wp-content\/uploads\/2020\/12\/away-4092262_1920-416x221.jpg 416w\" sizes=\"(max-width: 650px) 100vw, 650px\" \/><figcaption><em>K\u1ef7 b\u0103ng h\u00e0: giai \u0111o\u1ea1n chuy\u1ec3n ti\u1ebfp t\u1eeb V\u0103n minh Pangea sang v\u0103n m\u00ecnh Lemuria<\/em><\/figcaption><\/figure><\/div>\n<\/div>\n<\/div>\n\n\n\n<p class=\"has-text-align-center\"><em>\u0110i\u1ec1u ki\u1ec7n tham gia: \u0111\u00e3 ho\u00e0n th\u00e0nh Kh\u00f3a Thi\u1ec1n C\u01a1 B\u1ea3n. \u0110\u0103ng k\u00fd combo 2 kh\u00f3a \u0111\u1ec3<strong> nh\u1eadn \u01b0u \u0111\u00e3i<\/strong> l\u00ean \u0111\u1ebfn 1,000,000\u0111<\/em><\/p>\n\n\n\n<div class=\"wp-container-3 wp-block-buttons\">\n<div class=\"wp-block-button aligncenter is-style-fill\"><a class=\"wp-block-button__link has-black-color has-cool-to-warm-spectrum-gradient-background has-text-color has-background\" href=\"https:\/\/doantramy.com\/dang-ky\/\"><i class=\"fas fa-signature\"><\/i> Nh\u1eadn \u01afu \u0110\u00e3i!<\/a><\/div>\n<\/div>\n\n\n\n<div class=\"wp-block-columns\">\n<div class=\"wp-block-column\">\n<div class=\"wp-block-image is-style-default\"><figure class=\"aligncenter size-large\"><img loading=\"lazy\" width=\"940\" height=\"580\" src=\"http:\/\/doantramy.com\/wp-content\/uploads\/2020\/12\/16285wide-940x580.jpg\" alt=\"\" class=\"wp-image-606\"\/><figcaption><em>Con ng\u01b0\u1eddi k\u1ebft n\u1ed1i v\u1edbi nhau v\u00e0 k\u1ebft n\u1ed1i v\u1edbi c\u00e2y t\u00e2m th\u1ee9c c\u1ee7a c\u1ed9ng \u0111\u1ed3ng trong v\u0103n minh Lemuria<\/em><\/figcaption><\/figure><\/div>\n<\/div>\n\n\n\n<div class=\"wp-block-column\">\n<p> <strong>Bu\u1ed5i 7. Th\u1eddi k\u1ef3 Lemuria tr\u1eafng<\/strong><\/p>\n\n\n\n<ul><li>Th\u1eddi k\u1ef3 Lemuria l\u00e0 g\u00ec?<\/li><li>Con ng\u01b0\u1eddi v\u00e0 c\u1ea5u tr\u00fac n\u0103ng l\u01b0\u1ee3ng c\u1ee7a th\u1eddi k\u1ef3 Lemuria<\/li><li>V\u0103n minh c\u1ee7a c\u00e1c cung \u00e1nh s\u00e1ng<\/li><\/ul>\n\n\n\n<p><strong>Bu\u1ed5i 8,9. Lemuria ph\u00e2n ho\u00e1<\/strong> <strong>v\u00e0 s\u1ee5p \u0111\u1ed5<\/strong><\/p>\n\n\n\n<ul><li>Lemuria ph\u00e2n h\u00f3a nh\u01b0 th\u1ebf n\u00e0o?<\/li><li>Suy tho\u00e1i n\u0103ng l\u01b0\u1ee3ng Lemuria: tr\u1eddi, \u0111\u1ea5t, ng\u01b0\u1eddi.<\/li><li>S\u1ef1 can thi\u1ec7p c\u1ee7a ETs- ng\u01b0\u1eddi ngo\u00e0i h\u00e0nh tinh<\/li><\/ul>\n<\/div>\n<\/div>\n\n\n\n<div class=\"wp-block-columns\">\n<div class=\"wp-block-column\">\n<p><strong>Bu\u1ed5i 10. Th\u1eddi k\u1ef3 Atlantis c\u1ee7a ng\u01b0\u1eddi ngo\u00e0i h\u00e0nh tinh (ETs)<\/strong><\/p>\n\n\n\n<ul><li>Th\u1eddi k\u1ef3 Atlantics l\u00e0 g\u00ec?<\/li><li>C\u00e1c d\u1ef1 \u00e1n th\u00ed nghi\u1ec7m c\u1ee7a ETs tr\u00ean ng\u01b0\u1eddi Tr\u00e1i \u0110\u1ea5t<\/li><li>C\u1ea5u tr\u00fac c\u1ee7a c\u00e1c d\u1ef1 \u00e1n th\u00ed nghi\u1ec7m<\/li><\/ul>\n\n\n\n<p><strong>Bu\u1ed5i 11. Atlantis ph\u00e2n ho\u00e1<\/strong><\/p>\n\n\n\n<ul><li>C\u00e1c lo\u1ea1i Ets: ETs d\u1ea1ng ng\u01b0\u1eddi m\u00e1y, ETs d\u1ea1ng ng\u01b0\u1eddi th\u00fa , ETs d\u1ea1ng ng\u01b0\u1eddi<\/li><li>H\u1ed9i \u0111\u1ed3ng ETs &amp; ng\u01b0\u1eddi Tr\u00e1i \u0110\u1ea5t<\/li><li>C\u00e1c m\u00f4 h\u00ecnh t\u1ed5 ch\u1ee9c X\u00e3 H\u1ed9i trong th\u1eddi k\u1ef3 Atlantics<\/li><\/ul>\n<\/div>\n\n\n\n<div class=\"wp-block-column\">\n<div class=\"wp-block-image is-style-default\"><figure class=\"aligncenter size-large\"><img loading=\"lazy\" width=\"563\" height=\"580\" src=\"http:\/\/doantramy.com\/wp-content\/uploads\/2020\/10\/c347a82982cb4422ff3b107c0f052cb5-563x580.jpg\" alt=\"\" class=\"wp-image-532\"\/><figcaption><em>V\u0103n minh si\u00eau c\u00f4ng ngh\u1ec7 Atlantis \u0111\u01b0\u1ee3c m\u00f4 ph\u1ecfng l\u1ea1i trong phim Aquaman<\/em><\/figcaption><\/figure><\/div>\n<\/div>\n<\/div>\n\n\n\n<div class=\"wp-block-columns\">\n<div class=\"wp-block-column\">\n<div class=\"wp-block-image is-style-default\"><figure class=\"aligncenter size-full\"><img loading=\"lazy\" width=\"638\" height=\"479\" src=\"https:\/\/doantramy.com\/wp-content\/uploads\/2022\/05\/niem-tin-can-ban-26.jpg\" alt=\"\" class=\"wp-image-1460\"\/><figcaption><em>\u0110\u1ea1i h\u1ed3ng th\u1ee7y<\/em><\/figcaption><\/figure><\/div>\n<\/div>\n\n\n\n<div class=\"wp-block-column\">\n<p><strong>Bu\u1ed5i 12. Atlantics s\u1ee5p \u0111\u1ed5<\/strong> <strong>&#8211; \u0110\u1ea1i h\u1ed3ng th\u1ee7y<\/strong><\/p>\n\n\n\n<ul><li>\u0110\u1ea1i h\u1ed3ng th\u1ee7y <\/li><li>C\u00e1c \u0111\u01b0\u1eddng tho\u00e1t kh\u1ecfi Atlantis<\/li><\/ul>\n\n\n\n<p><\/p>\n<\/div>\n<\/div>\n\n\n\n<div class=\"wp-block-cover\"><span aria-hidden=\"true\" class=\"has-background-dim-70 wp-block-cover__gradient-background has-background-dim\" style=\"background-color:#7e4e5a\"><\/span><img loading=\"lazy\" width=\"640\" height=\"348\" class=\"wp-block-cover__image-background wp-image-601\" alt=\"\" src=\"http:\/\/doantramy.com\/wp-content\/uploads\/2020\/12\/3a72711201001Tree.jpg\" data-object-fit=\"cover\" srcset=\"https:\/\/doantramy.net\/wp-content\/uploads\/2020\/12\/3a72711201001Tree.jpg 640w, https:\/\/doantramy.net\/wp-content\/uploads\/2020\/12\/3a72711201001Tree-416x226.jpg 416w\" sizes=\"(max-width: 640px) 100vw, 640px\" \/><div class=\"wp-block-cover__inner-container\">\n<p class=\"has-large-font-size\"><strong>N\u1ebfu t\u00f4i kh\u00f4ng h\u1ecdc<\/strong><\/p>\n\n\n\n<p>th\u00ec t\u00f4i c\u00f3 \u0111i qua chuy\u1ec3n \u0111\u1ed5i v\u0103n minh n\u00e0y \u0111\u01b0\u1ee3c kh\u00f4ng? C\u00f3 th\u1ec3 c\u00f3 ho\u1eb7c kh\u00f4ng. My c\u0169ng kh\u00f4ng cam k\u1ebft b\u1ea1n s\u1ebd qua \u0111\u01b0\u1ee3c v\u1ee5 chuy\u1ec3n \u0111\u1ed5i sau khi h\u1ecdc xong. Kh\u00f3a h\u1ecdc ch\u1ec9 gi\u00fap b\u1ea1n hi\u1ec3u lu\u1eadt ch\u01a1i, th\u1ebf tr\u1eadn hi\u1ec7n t\u1ea1i v\u00e0 c\u00e1c c\u00e1ch b\u1ea1n \u0111\u00e3 v\u01b0\u1ee3t qua trong qu\u00e1 kh\u1ee9. Qua \u0111\u01b0\u1ee3c hay kh\u00f4ng, th\u00e0nh c\u00f4ng hay th\u1ea5t b\u1ea1i n\u1eb1m \u1edf trong tay b\u1ea1n.<br>B\u1ea1n c\u00f3 n\u1eafm b\u1eaft kh\u00f4ng?<\/p>\n\n\n\n<p class=\"has-text-align-center\"><strong><em>\u0110i\u1ec1u ki\u1ec7n tham gia: \u0111\u00e3 ho\u00e0n th\u00e0nh Kh\u00f3a Thi\u1ec1n C\u01a1 B\u1ea3n. \u0110\u0103ng k\u00fd combo 2 kh\u00f3a \u0111\u1ec3 nh\u1eadn \u01b0u \u0111\u00e3i l\u00ean \u0111\u1ebfn 1,000,000\u0111<\/em>.<\/strong><\/p>\n\n\n\n<div class=\"wp-container-4 wp-block-buttons\">\n<div class=\"wp-block-button aligncenter is-style-fill\"><a class=\"wp-block-button__link has-cool-to-warm-spectrum-gradient-background has-background\" href=\"https:\/\/doantramy.com\/dang-ky\/\">\u0110\u0103ng k\u00fd Combo <\/a><\/div>\n<\/div>\n<\/div><\/div>\n\n\n\n<p class=\"has-text-align-center\" style=\"font-size:30px\"><br><strong>\u1eeam, T\u00f4i Kh\u00f4ng Quan T\u00e2m L\u1eafm \u0110\u1ebfn Chuy\u1ec3n \u0110\u1ed5i V\u0103n Minh<\/strong><\/p>\n\n\n\n<p>R\u1ea5t nhi\u1ec1u ng\u01b0\u1eddi gi\u1ed1ng nh\u01b0 b\u1ea1n. Ngo\u00e0i nh\u1edb l\u1ea1i nh\u1eefng c\u00e1ch \u0111\u1ed1i di\u1ec7n v\u1edbi chuy\u1ec3n \u0111\u1ed5i v\u0103n minh. Kh\u00f3a Thi\u1ec1n N\u00e2ng Cao c\u00f2n \u0111\u01b0a ch\u00fang ta v\u1ec1 nh\u1eefng ki\u1ebfp s\u1ed1ng r\u1ea5t g\u1ed1c t\u1eeb khi <strong>Tr\u00e1i \u0110\u1ea5t m\u1edbi h\u00ecnh th\u00e0nh<\/strong>. Nh\u1eefng nghi\u1ec7p qu\u1ea3 \u0111\u1ea7u ti\u00ean. \u1ede \u0111\u00e2y, b\u1ea1n s\u1ebd nh\u1eadn th\u1ee9c \u0111\u01b0\u1ee3c <strong>t\u01b0 t\u01b0\u1edfng g\u1ed1c<\/strong> xuy\u00ean \u0111\u1eddi c\u1ee7a m\u00ecnh, <strong>v\u1ea5n \u0111\u1ec1 g\u1ed1c<\/strong> r\u1ec5, m\u1ed1i quan h\u1ec7 quan tr\u1ecdng t\u1eeb khi m\u1edbi \u0111\u1ea7u thai xu\u1ed1ng Tr\u00e1i \u0110\u1ea5t. B\u1eaft \u0111\u1ea7u ch\u1ea1m v\u00e0o m\u00ecnh <strong>s\u00e2u s\u1eafc <\/strong>v\u00e0 g\u1ed1c r\u1ec5 h\u01a1n bao gi\u1edd h\u1ebft!<\/p>\n\n\n\n<div class=\"wp-container-5 wp-block-buttons\">\n<div class=\"wp-block-button aligncenter is-style-fill\"><a class=\"wp-block-button__link has-black-color has-cool-to-warm-spectrum-gradient-background has-text-color has-background\" href=\"https:\/\/doantramy.com\/dang-ky\/\"><i class=\"fas fa-signature\"><\/i> I want to join!<\/a><\/div>\n<\/div>\n\n\n\n<p class=\"has-text-align-center\" style=\"font-size:30px\"><br><\/p>","protected":false},"excerpt":{"rendered":"<p>T\u1ea1i Sao T\u00f4i N\u00ean H\u1ecdc? Ch\u00fang ta \u0111ang \u1edf trong giai \u0111o\u1ea1n k\u1ebft th\u00fac v\u0103n minh, b\u1ec7nh d\u1ecbch, thi\u00ean tai, chi\u1ebfn tranh, suy tho\u00e1i \u0111\u00e3 v\u00e0 ti\u1ebfp t\u1ee5c x\u1ea3y ra \u1edf kh\u1eafp n\u01a1i tr\u00ean th\u1ebf gi\u1edbi. N\u1ebfu \u0111\u00e2y l\u00e0 \u0111i\u1ec1u kh\u00f4ng th\u1ec3 tr\u00e1nh kh\u1ecfi th\u00ec ch\u00fang ta n\u00ean \u1ee9ng x\u1eed nh\u01b0 th\u1ebf n\u00e0o trong gia &#8230; <a title=\"Kh\u00f3a Thi\u1ec1n Ti\u1ec1n Ki\u1ebfp N\u00e2ng Cao 02- V\u0103n Minh C\u1ed5\" class=\"read-more\" href=\"https:\/\/doantramy.net\/en\/khoa-thien-tien-kiep-nang-cao-02-van-minh-co\/\" aria-label=\"Read more about Kh\u00f3a Thi\u1ec1n Ti\u1ec1n Ki\u1ebfp N\u00e2ng Cao 02- V\u0103n Minh C\u1ed5\">Read more<\/a><\/p>","protected":false},"author":2,"featured_media":0,"parent":0,"menu_order":0,"comment_status":"closed","ping_status":"closed","template":"","meta":[],"_links":{"self":[{"href":"https:\/\/doantramy.net\/en\/wp-json\/wp\/v2\/pages\/1458"}],"collection":[{"href":"https:\/\/doantramy.net\/en\/wp-json\/wp\/v2\/pages"}],"about":[{"href":"https:\/\/doantramy.net\/en\/wp-json\/wp\/v2\/types\/page"}],"author":[{"embeddable":true,"href":"https:\/\/doantramy.net\/en\/wp-json\/wp\/v2\/users\/2"}],"replies":[{"embeddable":true,"href":"https:\/\/doantramy.net\/en\/wp-json\/wp\/v2\/comments?post=1458"}],"version-history":[{"count":12,"href":"https:\/\/doantramy.net\/en\/wp-json\/wp\/v2\/pages\/1458\/revisions"}],"predecessor-version":[{"id":1513,"href":"https:\/\/doantramy.net\/en\/wp-json\/wp\/v2\/pages\/1458\/revisions\/1513"}],"wp:attachment":[{"href":"https:\/\/doantramy.net\/en\/wp-json\/wp\/v2\/media?parent=1458"}],"curies":[{"name":"wp","href":"https:\/\/api.w.org\/{rel}","templated":true}]}}