{"id":1277,"date":"2022-05-08T03:30:38","date_gmt":"2022-05-08T03:30:38","guid":{"rendered":"https:\/\/doantramy.com\/?page_id=1277"},"modified":"2022-12-25T09:50:09","modified_gmt":"2022-12-25T09:50:09","slug":"khai-van-ca-nhan","status":"publish","type":"page","link":"https:\/\/doantramy.net\/en\/khai-van-ca-nhan\/","title":{"rendered":"Khai V\u1ea5n C\u00e1 Nh\u00e2n"},"content":{"rendered":"<div class=\"wp-block-cover\"><span aria-hidden=\"true\" class=\"has-background-dim-80 wp-block-cover__gradient-background has-luminous-dusk-gradient-background has-background-dim has-background-gradient\"><\/span><img loading=\"lazy\" width=\"1536\" height=\"2048\" class=\"wp-block-cover__image-background wp-image-999\" alt=\"\" src=\"https:\/\/doantramy.com\/wp-content\/uploads\/2022\/05\/z3395248476001_82b071bbaeb95a424ea0bf4b8818105e.jpg\" style=\"object-position:53% 69%\" data-object-fit=\"cover\" data-object-position=\"53% 69%\" srcset=\"https:\/\/doantramy.net\/wp-content\/uploads\/2022\/05\/z3395248476001_82b071bbaeb95a424ea0bf4b8818105e.jpg 1536w, https:\/\/doantramy.net\/wp-content\/uploads\/2022\/05\/z3395248476001_82b071bbaeb95a424ea0bf4b8818105e-416x555.jpg 416w, https:\/\/doantramy.net\/wp-content\/uploads\/2022\/05\/z3395248476001_82b071bbaeb95a424ea0bf4b8818105e-768x1024.jpg 768w, https:\/\/doantramy.net\/wp-content\/uploads\/2022\/05\/z3395248476001_82b071bbaeb95a424ea0bf4b8818105e-1152x1536.jpg 1152w\" sizes=\"(max-width: 1536px) 100vw, 1536px\" \/><div class=\"wp-block-cover__inner-container\">\n<div class=\"wp-block-columns\">\n<div class=\"wp-block-column\">\n<p class=\"has-text-align-center\" style=\"font-size:24px\"><mark style=\"background-color:rgba(0, 0, 0, 0)\" class=\"has-inline-color has-white-color\"><i class=\"fas fa-signature\"><\/i>Tham gia <\/mark><\/p>\n\n\n\n<p class=\"has-text-align-center\" style=\"font-size:30px\"><mark style=\"background-color:rgba(0, 0, 0, 0)\" class=\"has-inline-color has-black-color\"><strong>CH\u1eeeA L\u00c0NH C\u00c1 NH\u00c2N<br>2h Khai V\u1ea5n<\/strong><\/mark><\/p>\n\n\n\n<p class=\"has-text-align-center\">D\u00f9ng ti\u1ec1n ki\u1ebfp \u0111\u1ec3 khai m\u1edf v\u1ea5n \u0111\u1ec1 c\u1ee7a b\u1ea1n v\u00e0 \u0111\u01b0a ra &#8220;ph\u00e1c \u0111\u1ed3&#8221; ch\u1eefa l\u00e0nh<\/p>\n<\/div>\n\n\n\n<div class=\"wp-block-column\">\n<p><\/p>\n\n\n\n<p><\/p>\n\n\n\n<p class=\"has-text-align-center has-large-font-size\"><strong><mark style=\"background-color:rgba(0, 0, 0, 0)\" class=\"has-inline-color has-black-color\">M\u1ee9c Ph\u00ed<br>950,000\u0111<\/mark><\/strong><\/p>\n\n\n\n<div class=\"wp-container-1 wp-block-buttons\">\n<div class=\"wp-block-button aligncenter is-style-fill\"><a class=\"wp-block-button__link has-black-color has-cool-to-warm-spectrum-gradient-background has-text-color has-background\" href=\"https:\/\/doantramy.com\/dang-ky\/\">T\u00f4i mu\u1ed1n khai v\u1ea5n!<\/a><\/div>\n<\/div>\n<\/div>\n<\/div>\n<\/div><\/div>\n\n\n\n<p><i class=\"fas fa-check\"><\/i> B\u1ea1n \u0111ang c\u00f3 <strong>v\u1ea5n \u0111\u1ec1 <\/strong>ch\u01b0a bi\u1ebft gi\u1ea3i quy\u1ebft nh\u01b0 th\u1ebf n\u00e0o?<br><i class=\"fas fa-check\"><\/i> B\u1ea1n <strong>quan t\u00e2m <\/strong>\u0111\u1ebfn ch\u1eefa l\u00e0nh, nh\u01b0ng ch\u01b0a bi\u1ebft b\u1eaft \u0111\u1ea7u t\u1eeb \u0111\u00e2u v\u00e0 ch\u01b0a h\u00ecnh dung ra c\u00e1ch m\u00e0 ph\u01b0\u01a1ng ph\u00e1p ch\u1eefa l\u00e0nh n\u00e0y ho\u1ea1t \u0111\u1ed9ng?<br><i class=\"fas fa-check\"><\/i> B\u1ea1n c\u1ea7n ng\u01b0\u1eddi <strong>l\u1eafng nghe<\/strong> v\u00e0 nh\u1eadn <strong>l\u1eddi khuy\u00ean<\/strong> t\u1eeb ch\u00ednh b\u00e0i h\u1ecdc c\u1ee7a m\u00ecnh trong qu\u00e1 kh\u1ee9 thay v\u00ec tr\u1ea3i nghi\u1ec7m c\u1ee7a ng\u01b0\u1eddi kh\u00e1c?<br><i class=\"fas fa-share\"><\/i> H\u00e3y ch\u1ecdn 2h Khai V\u1ea5n.<br><br>My s\u1ebd l\u00e0m vi\u1ec7c tr\u1ef1c ti\u1ebfp v\u1edbi b\u1ea1n, trao \u0111\u1ed5i v\u00e0 d\u00f9ng <strong>ti\u1ec1n ki\u1ebfp<\/strong> c\u1ee7a b\u1ea1n \u0111\u1ec3 t\u00ecm hi\u1ec3u v\u1ea5n \u0111\u1ec1 <strong>\u1ea9n ch\u1ee9a<\/strong> \u0111\u1eb1ng sau nh\u1eefng b\u0103n kho\u0103n, b\u1ebf t\u1eafc c\u1ee7a b\u1ea1n hi\u1ec7n t\u1ea1i. Gi\u00fap b\u1ea1n nh\u1eadn b\u00e0i h\u1ecdc v\u00e0 <strong>th\u00f4ng \u0111i\u1ec7p<\/strong> \u0111\u01b0\u1ee3c g\u1eedi \u0111\u1ebfn. T\u01b0 v\u1ea5n l\u1ed9 tr\u00ecnh ch\u1eefa l\u00e0nh \u0111\u1ec3 <strong>c\u1ea3i thi\u1ec7n<\/strong> t\u00ecnh tr\u1ea1ng hi\u1ec7n t\u1ea1i. <br><\/p>\n\n\n\n<p>Sau khi b\u1ea1n \u0111\u0103ng k\u00fd, My s\u1ebd li\u00ean h\u1ec7 \u0111\u1ec3 h\u1eb9n l\u1ecbch. <br><mark style=\"background-color:rgba(0, 0, 0, 0)\" class=\"has-inline-color has-vivid-red-color\">Li\u1ec7u m\u1ed9t cu\u1ed9c n\u00f3i chuy\u1ec7n c\u00f3 th\u1ec3 khi\u1ebfn cu\u1ed9c \u0111\u1eddi b\u1ea1n r\u1ebd sang h\u01b0\u1edbng kh\u00e1c?<\/mark><br><strong>H\u00e3y quay v\u1ec1 b\u00ean trong \u0111\u1ec3 t\u00ecm c\u00e2u tr\u1ea3 l\u1eddi.<\/strong><\/p>\n\n\n\n<div class=\"wp-container-2 wp-block-buttons\">\n<div class=\"wp-block-button is-style-fill\"><a class=\"wp-block-button__link has-black-color has-cool-to-warm-spectrum-gradient-background has-text-color has-background\" href=\"https:\/\/doantramy.com\/dang-ky\/\">\u0110\u0103ng K\u00fd Khai V\u1ea5n<\/a><\/div>\n<\/div>\n\n\n\n<p><br><\/p>","protected":false},"excerpt":{"rendered":"<p>B\u1ea1n \u0111ang c\u00f3 v\u1ea5n \u0111\u1ec1 ch\u01b0a bi\u1ebft gi\u1ea3i quy\u1ebft nh\u01b0 th\u1ebf n\u00e0o? B\u1ea1n quan t\u00e2m \u0111\u1ebfn ch\u1eefa l\u00e0nh, nh\u01b0ng ch\u01b0a bi\u1ebft b\u1eaft \u0111\u1ea7u t\u1eeb \u0111\u00e2u v\u00e0 ch\u01b0a h\u00ecnh dung ra c\u00e1ch m\u00e0 ph\u01b0\u01a1ng ph\u00e1p ch\u1eefa l\u00e0nh n\u00e0y ho\u1ea1t \u0111\u1ed9ng? B\u1ea1n c\u1ea7n ng\u01b0\u1eddi l\u1eafng nghe v\u00e0 nh\u1eadn l\u1eddi khuy\u00ean t\u1eeb ch\u00ednh b\u00e0i h\u1ecdc c\u1ee7a m\u00ecnh trong &#8230; <a title=\"Khai V\u1ea5n C\u00e1 Nh\u00e2n\" class=\"read-more\" href=\"https:\/\/doantramy.net\/en\/khai-van-ca-nhan\/\" aria-label=\"Read more about Khai V\u1ea5n C\u00e1 Nh\u00e2n\">Read more<\/a><\/p>","protected":false},"author":2,"featured_media":0,"parent":0,"menu_order":0,"comment_status":"closed","ping_status":"closed","template":"","meta":[],"_links":{"self":[{"href":"https:\/\/doantramy.net\/en\/wp-json\/wp\/v2\/pages\/1277"}],"collection":[{"href":"https:\/\/doantramy.net\/en\/wp-json\/wp\/v2\/pages"}],"about":[{"href":"https:\/\/doantramy.net\/en\/wp-json\/wp\/v2\/types\/page"}],"author":[{"embeddable":true,"href":"https:\/\/doantramy.net\/en\/wp-json\/wp\/v2\/users\/2"}],"replies":[{"embeddable":true,"href":"https:\/\/doantramy.net\/en\/wp-json\/wp\/v2\/comments?post=1277"}],"version-history":[{"count":8,"href":"https:\/\/doantramy.net\/en\/wp-json\/wp\/v2\/pages\/1277\/revisions"}],"predecessor-version":[{"id":1584,"href":"https:\/\/doantramy.net\/en\/wp-json\/wp\/v2\/pages\/1277\/revisions\/1584"}],"wp:attachment":[{"href":"https:\/\/doantramy.net\/en\/wp-json\/wp\/v2\/media?parent=1277"}],"curies":[{"name":"wp","href":"https:\/\/api.w.org\/{rel}","templated":true}]}}