{"id":1248,"date":"2022-05-08T02:46:17","date_gmt":"2022-05-08T02:46:17","guid":{"rendered":"https:\/\/doantramy.com\/?page_id=1248"},"modified":"2022-05-10T02:33:49","modified_gmt":"2022-05-10T02:33:49","slug":"khoa-hand-luan-xa","status":"publish","type":"page","link":"https:\/\/doantramy.net\/en\/khoa-hand-luan-xa\/","title":{"rendered":"Kh\u00f3a Hand Lu\u00e2n Xa"},"content":{"rendered":"<div class=\"wp-block-cover\"><span aria-hidden=\"true\" class=\"has-background-dim-80 wp-block-cover__gradient-background has-luminous-dusk-gradient-background has-background-dim has-background-gradient\"><\/span><img loading=\"lazy\" width=\"300\" height=\"285\" class=\"wp-block-cover__image-background wp-image-665\" alt=\"\" src=\"http:\/\/doantramy.com\/wp-content\/uploads\/2021\/03\/Chua-benh-bang-nang-luong-2-300x285-1.jpg\" data-object-fit=\"cover\"\/><div class=\"wp-block-cover__inner-container\">\n<div class=\"wp-block-columns\">\n<div class=\"wp-block-column\">\n<p class=\"has-text-align-center\" style=\"font-size:24px\"><mark style=\"background-color:rgba(0, 0, 0, 0)\" class=\"has-inline-color has-white-color\"><i class=\"fas fa-signature\"><\/i>Join course<\/mark><\/p>\n\n\n\n<p class=\"has-text-align-center\" style=\"font-size:30px\">B\u00e0n Tay Ch\u1eefa L\u00e0nh<br><strong><mark style=\"background-color:rgba(0, 0, 0, 0)\" class=\"has-inline-color has-black-color\">HAND LU\u00c2N XA<\/mark><\/strong><\/p>\n\n\n\n<p class=\"has-text-align-center\"><mark style=\"background-color:rgba(0, 0, 0, 0)\" class=\"has-inline-color has-black-color\">K\u00edch ho\u1ea1t v\u00e0 ch\u1eefa l\u00e0nh 07 lu\u00e2n xa trung t\u00e2m<\/mark><\/p>\n\n\n\n<p class=\"has-text-align-center\" style=\"font-size:16px\">N\u1ec1n m\u00f3ng c\u1ee7a ph\u01b0\u01a1ng ph\u00e1p ch\u1eefa b\u1ec7nh b\u1eb1ng n\u0103ng l\u01b0\u1ee3ng<\/p>\n<\/div>\n\n\n\n<div class=\"wp-block-column\">\n<p><\/p>\n\n\n\n<p class=\"has-text-align-center has-large-font-size\"><mark style=\"background-color:rgba(0, 0, 0, 0)\" class=\"has-inline-color has-white-color\"><strong>Tuition<br>$600<\/strong><\/mark><\/p>\n\n\n\n<div class=\"wp-container-1 wp-block-buttons\">\n<div class=\"wp-block-button aligncenter is-style-fill\"><a class=\"wp-block-button__link has-black-color has-cool-to-warm-spectrum-gradient-background has-text-color has-background\" href=\"https:\/\/doantramy.com\/dang-ky\/\"><i class=\"fas fa-signature\"><\/i> I want to join!<\/a><\/div>\n<\/div>\n<\/div>\n<\/div>\n<\/div><\/div>\n\n\n\n<div class=\"wp-block-columns\">\n<div class=\"wp-block-column\">\n<p class=\"has-text-align-center\" style=\"font-size:30px\"><strong>B\u00e0n Tay Ch\u1eefa L\u00e0nh L\u00e0 G\u00ec?<\/strong><\/p>\n\n\n\n<p>B\u00e0n Tay Ch\u1eefa L\u00e0nh (Hand healing) l\u00e0 ph\u01b0\u01a1ng ph\u00e1p d\u00f9ng<strong> \u0111\u00f4i tay<\/strong> \u0111\u1ec3 <strong>healing<\/strong> nh\u1eefng khu v\u1ef1c t\u1eafc ngh\u1ebdn, \u1ee9 tr\u1ec7 v\u00e0 <strong>from past<\/strong> c\u1ee7a c\u01a1 th\u1ec3 b\u1eb1ng vi\u1ec7c khai m\u1edf, <strong>v\u1eadn h\u00e0nh <\/strong>n\u0103ng l\u01b0\u1ee3ng (Hand N\u0103ng L\u01b0\u1ee3ng); <strong>\u0111i\u1ec1u ch\u1ec9nh<\/strong> c\u1ea5u tr\u00fac (Hand Lu\u00e2n Xa) \u0111\u1ed3ng th\u1eddi <strong>to understand<\/strong> c\u0103n nguy\u00ean c\u1ee7a b\u1ec7nh t\u1eadt (Thi\u1ec1n Ti\u1ec1n Ki\u1ebfp)<br><br>C\u00f9ng v\u1edbi Hand N\u0103ng L\u01b0\u1ee3ng, Hand Lu\u00e2n Xa l\u00e0 m\u1ed9t trong nh\u1eefng Hand <strong>n\u1ec1n t\u1ea3n<\/strong>g trong \u0111\u1eb7t tay ch\u1eefa l\u00e0nh. Lu\u00e2n xa l\u00e0 <strong>h\u1ec7 th\u1ed1ng n\u0103ng l\u01b0\u1ee3ng<\/strong> c\u1ee7a c\u01a1 th\u1ec3, \u0111\u1ec3 hi\u1ec3u v\u1ec1 c\u01a1 th\u1ec3, nh\u1ea5t \u0111\u1ecbnh ph\u1ea3i hi\u1ec3u v\u1ec1 h\u1ec7 th\u1ed1ng n\u00e0y.<\/p>\n\n\n\n<figure class=\"wp-block-image size-large is-style-default\"><img loading=\"lazy\" width=\"418\" height=\"580\" src=\"http:\/\/doantramy.com\/wp-content\/uploads\/2022\/05\/UTILISATION-ET-ACTIVATION-DES-7-RAYONS-SACRES-418x580.jpg\" alt=\"\" class=\"wp-image-1390\"\/><\/figure>\n\n\n\n<p><\/p>\n<\/div>\n\n\n\n<div class=\"wp-block-column is-vertically-aligned-center\"><\/div>\n<\/div>\n\n\n\n<p class=\"has-text-align-center\" style=\"font-size:30px\"><strong>Hand Lu\u00e2n Xa D\u00e0nh Cho Ai?<\/strong><\/p>\n\n\n\n<div class=\"wp-block-columns\">\n<div class=\"wp-block-column\">\n<p><i class=\"fas fa-check\"><\/i> Ng\u01b0\u1eddi mu\u1ed1n h\u1ecdc b\u00e0i b\u1ea3n v\u1ec1 k\u1ef9 thu\u1eadt ch\u1eefa l\u00e0nh b\u1eb1ng n\u0103ng l\u01b0\u1ee3ng (bao g\u1ed3m \u0111\u1eb7t tay tr\u1ef1c ti\u1ebfp v\u00e0 \u0111\u1eb7t tay t\u1eeb xa)<br><i class=\"fas fa-check\"><\/i> Ng\u01b0\u1eddi \u0111\u00e3 th\u1ef1c h\u00e0nh m\u1ed9t s\u1ed1 ph\u01b0\u01a1ng ph\u00e1p ch\u1eefa l\u00e0nh b\u1eb1ng n\u0103ng l\u01b0\u1ee3ng nh\u01b0ng ch\u01b0a bi\u1ebft nh\u1eefng nguy\u00ean l\u00fd v\u00e0 \u0111i\u1ec1u t\u1ed1i k\u1ecb trong \u0111\u1eb7t tay cho ng\u01b0\u1eddi kh\u00e1c<br><i class=\"fas fa-check\"><\/i> Ng\u01b0\u1eddi mu\u1ed1n th\u1ea5u hi\u1ec3u s\u1ef1 th\u1eadt b\u00ean trong c\u01a1 th\u1ec3 m\u00ecnh thay v\u00ec nh\u1edd ng\u01b0\u1eddi kh\u00e1c mi\u00eau t\u1ea3<br><i class=\"fas fa-check\"><\/i> Ng\u01b0\u1eddi ch\u01b0a bi\u1ebft \u0111i\u1ec3m m\u1ea1nh, \u0111i\u1ec3m y\u1ebfu c\u1ee7a b\u1ea3n th\u00e2n v\u00e0 \u0111\u1ecbnh h\u01b0\u1edbng ph\u00e1t tri\u1ec3n b\u1ea3n th\u00e2n<br><i class=\"fas fa-check\"><\/i> Ng\u01b0\u1eddi mu\u1ed1n t\u1ef1 m\u00ecnh ch\u1ee9ng nghi\u1ec7m v\u00e0 ti\u1ebfp c\u1eadn t\u00e2m linh t\u1eeb g\u00f3c nh\u00ecn logic<br><i class=\"fas fa-check\"><\/i> Ng\u01b0\u1eddi \u0111ang th\u1ef1c h\u00e0nh thi\u1ec1n nh\u01b0ng ch\u01b0a \u0111\u1ecbnh t\u00e2m \u0111\u01b0\u1ee3c, th\u00e2n c\u00f2n y\u1ebfu<br><i class=\"fas fa-check\"><\/i> Ng\u01b0\u1eddi mu\u1ed1n h\u1ecdc c\u00e1c kh\u00f3a h\u1ecdc chuy\u00ean s\u00e2u h\u01a1n do <a href=\"https:\/\/omihuong.net\/\">ch\u1ecb Omi H\u01b0\u01a1ng<\/a> d\u1ea1y<br><br><br><\/p>\n<\/div>\n\n\n\n<div class=\"wp-block-column\">\n<figure class=\"wp-block-image size-full is-style-default\"><img loading=\"lazy\" width=\"399\" height=\"267\" src=\"http:\/\/doantramy.com\/wp-content\/uploads\/2022\/05\/Home-Timothy-Pope.jpg\" alt=\"\" class=\"wp-image-1394\"\/><\/figure>\n<\/div>\n<\/div>\n\n\n\n<p class=\"has-text-align-center\" style=\"font-size:30px\"> <strong>L\u00fd Do B\u1ea1n N\u00ean H\u1ecdc Hand Lu\u00e2n Xa<\/strong><\/p>\n\n\n\n<div class=\"wp-block-columns\">\n<div class=\"wp-block-column\">\n<div class=\"wp-block-columns\">\n<div class=\"wp-block-column\">\n<p><i class=\"fas fa-key\"><\/i> <strong>Self-Practice<\/strong><br>T\u1ef1 ch\u1eefa cho m\u00ecnh v\u00e0 ng\u01b0\u1eddi th\u00e2n m\u00e0 kh\u00f4ng y\u00eau c\u1ea7u b\u1ea5t c\u1ee9 thi\u1ebft b\u1ecb ho\u1eb7c \u0111i\u1ec1u ki\u1ec7n g\u00ec ph\u1ee9c t\u1ea1p<\/p>\n<\/div>\n\n\n\n<div class=\"wp-block-column\">\n<p><i class=\"fas fa-star\"><\/i> <strong>\u1ee8ng D\u1ee5ng Cao<\/strong><br>C\u00f3 th\u1ec3 t\u1ef1 ch\u1eefa nh\u1eefng tri\u1ec7u ch\u1ee9ng th\u01b0\u1eddng g\u1eb7p: c\u1ea3m, s\u1ed1t, \u0111au m\u1eaft, vi\u00eam h\u1ecdng, s\u1ed5 m\u0169i, \u0111\u1ea7y b\u1ee5ng, l\u1ea1nh b\u1ee5ng, \u0111au b\u1ee5ng kinh&#8230;<\/p>\n<\/div>\n<\/div>\n<\/div>\n\n\n\n<div class=\"wp-block-column\">\n<div class=\"wp-block-columns\">\n<div class=\"wp-block-column\">\n<p><i class=\"fab fa-twitter\"><\/i> <strong>Gi\u1ea3i Ph\u00f3ng<\/strong><br>C\u00f3 th\u1ec3 s\u1ed1ng \u1edf b\u1ea5t c\u1ee9 \u0111\u00e2u, \u0111i \u0111\u1ebfn b\u1ea5t c\u1ee9 n\u01a1i n\u00e0o m\u00e0 kh\u00f4ng l\u1ec7 thu\u1ed9c v\u00e0o h\u1ec7 th\u1ed1ng y t\u1ebf t\u00e2n ti\u1ebfn<\/p>\n<\/div>\n\n\n\n<div class=\"wp-block-column\">\n<p><i class=\"fas fa-heart\"><\/i> <strong>N\u1ec1n M\u00f3ng V\u1eefng Ch\u1eafc<\/strong><br>cho con \u0111\u01b0\u1eddng ch\u1eefa l\u00e0nh. T\u1ea1o s\u1ef1 v\u1eefng v\u00e0ng, ti\u1ebfp \u0111\u1ea5t cho nh\u1eefng ng\u01b0\u1eddi qu\u00e1 t\u00e2m tr\u00ed ho\u1eb7c ng\u01b0\u1eddi \u0111ang th\u1ef1c h\u00e0nh nh\u1eefng li\u1ec7u ph\u00e1p tinh th\u1ea7n<\/p>\n<\/div>\n<\/div>\n<\/div>\n<\/div>\n\n\n\n<div class=\"wp-block-cover is-light\"><span aria-hidden=\"true\" class=\"has-background-dim-80 wp-block-cover__gradient-background has-background-dim\" style=\"background-color:#e17638\"><\/span><img loading=\"lazy\" width=\"259\" height=\"400\" class=\"wp-block-cover__image-background wp-image-1387\" alt=\"\" src=\"http:\/\/doantramy.com\/wp-content\/uploads\/2022\/05\/What-is-an-Empath_-12-Signs-How-to-Stay-Balanced.jpg\" data-object-fit=\"cover\"\/><div class=\"wp-block-cover__inner-container\">\n<p class=\"has-text-align-center has-large-font-size\"><strong>Course Content<\/strong><\/p>\n\n\n\n<div class=\"wp-block-columns\">\n<div class=\"wp-block-column\">\n<p class=\"has-text-align-left\"><i class=\"fas fa-check\"><\/i> <strong>Lesson 1<\/strong><br><strong>C\u00e1c c\u1ea3nh gi\u1edbi<\/strong> <br>Lu\u00e2n xa 7<\/p>\n\n\n\n<p><i class=\"fas fa-check\"><\/i> <strong>Lesson 2<\/strong><br>C\u1ea5u tr\u00fac h\u00ecnh h\u1ecdc c\u1ee7a kh\u00f4ng gian v\u00e0 lu\u00e2n xa<br>C\u00e1c d\u1ea1ng <strong>m\u1ea5t c\u00e2n b\u1eb1ng<\/strong> c\u1ee7a lu\u00e2n xa<br>Lu\u00e2n xa 1<\/p>\n\n\n\n<p><i class=\"fas fa-check\"><\/i> <strong>Lesson 3<\/strong><br><strong>K\u1ef9 thu\u1eadt \u0111\u1eb7t tay<\/strong> 0D, 1D, 2D, 3D<br>Lu\u00e2n xa 6<\/p>\n\n\n\n<p><i class=\"fas fa-check\"><\/i> <strong>Lesson 4<\/strong><br>C\u1ea3nh gi\u1edbi 4D<br>K\u1ef9 thu\u1eadt \u0111\u1eb7t tay 4D<br>Lu\u00e2n xa 2 v\u00e0 <strong>d\u00e2y n\u1ed1i <\/strong>lu\u00e2n xa 2<\/p>\n\n\n\n<p><i class=\"fas fa-check\"><\/i> <strong>Lesson 5<\/strong><br>C\u00e2n b\u1eb1ng t\u01b0\u01a1ng t\u00e1c <strong>ng\u0169 h\u00e0nh<\/strong><br>T\u00ednh bi\u1ec3u \u0111\u1ea1t c\u1ee7a lu\u00e2n xa 5<\/p>\n\n\n\n<p><i class=\"fas fa-check\"><\/i> <strong>Lesson 6<\/strong><br>C\u1ea3nh gi\u1edbi 6D<br>T\u1ed5ng h\u1ee3p <strong>tr\u1ee5c lu\u00e2n xa <\/strong>3 theo kh\u00f4ng gian v\u00e0 th\u1eddi gian<\/p>\n<\/div>\n\n\n\n<div class=\"wp-block-column\">\n<p><\/p>\n\n\n\n<p><i class=\"fas fa-check\"><\/i> <strong>Lesson 7<\/strong><br>C\u1ed5ng chuy\u1ec3n \u0111\u1ed5i <strong>n\u0103ng l\u01b0\u1ee3ng g\u1ed1c<\/strong>\/linh h\u1ed3n mang v\u00e0o \u0111\u1ea7u thai<br>Tr\u1ee5c tr\u01b0\u1edbc sau lu\u00e2n xa tim<\/p>\n\n\n\n<p><i class=\"fas fa-check\"><\/i> <strong>Lesson 8<\/strong><br>Nguy\u00ean t\u1eafc \u0111\u1ed1i x\u1ee9ng<strong><br><\/strong>C\u00e1ch th\u1ee9c t\u01b0\u01a1ng t\u00e1c v\u00e0 k\u1ebft n\u1ed1i c\u1ee7a tr\u00e1i tim qua c\u00e1c lu\u00e2n xa v\u00e0 \u0111\u00f4i tay<br>Tr\u1ee5c tr\u00e1i ph\u1ea3i lu\u00e2n xa tim<\/p>\n\n\n\n<p><i class=\"fas fa-check\"><\/i> <strong>Lesson 9<\/strong><br><strong>Nguy\u00ean t\u1eafc b\u1ea5t \u0111\u1ed1i x\u1ee9ng<\/strong><br>Qu\u00e1 tr\u00ecnh \u0111\u1ed3ng h\u00f3a c\u1ee7a lu\u00e2n xa tim<br>Tr\u1ee5c \u0111\u1ea5t lu\u00e2n xa tim<\/p>\n\n\n\n<p><i class=\"fas fa-check\"><\/i> <strong>Bu\u1ed5i 10,11,12<\/strong><br><strong>Lu\u00e2n xa ngo\u1ea1i bi\u00ean<\/strong> l\u00e0 g\u00ec?<br>C\u1ea5u tr\u00fac v\u00e0 c\u00e1ch \u0111\u1eb7t tay lu\u00e2n xa ngo\u1ea1i bi\u00ean<br><strong>H\u1ec7 th\u1ed1ng tuy\u1ebfn<\/strong> tr\u00ean c\u01a1 th\u1ec3: tuy\u1ebfn t\u00f9ng, tuy\u1ebfn gi\u00e1p, tuy\u1ebfn r\u1ed1n, tuy\u1ebfn tinh..<\/p>\n\n\n\n<div class=\"wp-container-2 wp-block-buttons\">\n<div class=\"wp-block-button aligncenter is-style-fill\"><a class=\"wp-block-button__link has-black-color has-cool-to-warm-spectrum-gradient-background has-text-color has-background\" href=\"https:\/\/doantramy.com\/dang-ky\/\"><i class=\"fas fa-signature\"><\/i> I want to join!<\/a><\/div>\n<\/div>\n<\/div>\n<\/div>\n<\/div><\/div>\n\n\n\n<div class=\"wp-block-columns\">\n<div class=\"wp-block-column\">\n<p class=\"has-text-align-center\" style=\"font-size:30px\"><strong>Course Advantages<\/strong><\/p>\n\n\n\n<p><i class=\"fas fa-plus\"><\/i> \u0110\u01b0\u1ee3c My <strong>h\u01b0\u1edbng d\u1eabn<\/strong> tr\u1ef1c ti\u1ebfp v\u00e0 <strong>h\u1ed7 tr\u1ee3<\/strong> t\u1ed1i \u0111a ngay c\u1ea3 khi b\u1ea1n h\u1ecdc c\u00e1c kh\u00f3a h\u1ecdc kh\u00e1c \u1edf Omischool<br><i class=\"fas fa-plus\"><\/i> \u0110\u01b0\u1ee3c tham gia <strong>c\u1ed9ng \u0111\u1ed3ng<\/strong> ch\u1eefa l\u00e0nh d\u00e0nh ri\u00eang cho h\u1ecdc vi\u00ean Omischool v\u1edbi c\u00e1c kh\u00f3a h\u1ecdc<strong> chuy\u00ean s\u00e2u<\/strong><br><i class=\"fas fa-plus\"><\/i> H\u1ecdc <strong>online<\/strong> qua n\u1ec1n t\u1ea3ng Skype, <strong>ti\u1ebft ki\u1ec7m<\/strong> th\u1eddi gian, kh\u00f4ng ph\u1ea3i di chuy\u1ec3n, c\u00f3 th\u1ec3 h\u1ecdc \u1edf b\u1ea5t c\u1ee9 \u0111\u00e2u<\/p>\n<\/div>\n\n\n\n<div class=\"wp-block-column is-vertically-aligned-center\">\n<p class=\"has-text-align-center has-large-font-size\"><strong>Official Tuition<br>$600<\/strong><\/p>\n\n\n\n<div class=\"wp-container-3 wp-block-buttons alignwide\">\n<div class=\"wp-block-button aligncenter is-style-fill\"><a class=\"wp-block-button__link has-black-color has-cool-to-warm-spectrum-gradient-background has-text-color has-background\" href=\"https:\/\/doantramy.com\/dang-ky\/\"><i class=\"fas fa-signature\"><\/i> \u0110\u0103ng k\u00fd ngay<\/a><\/div>\n<\/div>\n<\/div>\n<\/div>\n\n\n\n<div class=\"wp-block-cover is-light\"><span aria-hidden=\"true\" class=\"wp-block-cover__gradient-background has-background-dim\"><\/span><img loading=\"lazy\" width=\"940\" height=\"580\" class=\"wp-block-cover__image-background wp-image-1062\" alt=\"\" src=\"http:\/\/doantramy.com\/wp-content\/uploads\/2022\/05\/z3395248533622_1a1af94ecf18637c297566acaf28c094-940x580.jpg\" data-object-fit=\"cover\"\/><div class=\"wp-block-cover__inner-container\">\n<p class=\"has-text-align-center has-large-font-size\"><mark style=\"background-color:rgba(0, 0, 0, 0)\" class=\"has-inline-color has-white-color\">Tr\u1ea3i Nghi\u1ec7m H\u1ecdc Vi\u00ean Trong Kh\u00f3a H\u1ecdc<\/mark><\/p>\n\n\n\n<div class=\"wp-block-jetpack-slideshow aligncenter\" data-effect=\"slide\"><div class=\"wp-block-jetpack-slideshow_container swiper-container\"><ul class=\"wp-block-jetpack-slideshow_swiper-wrapper swiper-wrapper\"><li class=\"wp-block-jetpack-slideshow_slide swiper-slide\"><figure><img loading=\"lazy\" width=\"1096\" height=\"1910\" alt=\"\" class=\"wp-block-jetpack-slideshow_image wp-image-1442\" data-id=\"1442\" src=\"https:\/\/doantramy.com\/wp-content\/uploads\/2022\/05\/z3400894642698_8832312f0c02a1188956eb00c01cffed.jpg\" srcset=\"https:\/\/doantramy.net\/wp-content\/uploads\/2022\/05\/z3400894642698_8832312f0c02a1188956eb00c01cffed.jpg 1096w, https:\/\/doantramy.net\/wp-content\/uploads\/2022\/05\/z3400894642698_8832312f0c02a1188956eb00c01cffed-768x1338.jpg 768w, https:\/\/doantramy.net\/wp-content\/uploads\/2022\/05\/z3400894642698_8832312f0c02a1188956eb00c01cffed-881x1536.jpg 881w\" sizes=\"(max-width: 1096px) 100vw, 1096px\" \/><\/figure><\/li><li class=\"wp-block-jetpack-slideshow_slide swiper-slide\"><figure><img loading=\"lazy\" width=\"1083\" height=\"1933\" alt=\"\" class=\"wp-block-jetpack-slideshow_image wp-image-1443\" data-id=\"1443\" src=\"https:\/\/doantramy.com\/wp-content\/uploads\/2022\/05\/z3400894645911_283f75e15d265ef2d7dfd8273260c640.jpg\" srcset=\"https:\/\/doantramy.net\/wp-content\/uploads\/2022\/05\/z3400894645911_283f75e15d265ef2d7dfd8273260c640.jpg 1083w, https:\/\/doantramy.net\/wp-content\/uploads\/2022\/05\/z3400894645911_283f75e15d265ef2d7dfd8273260c640-768x1371.jpg 768w, https:\/\/doantramy.net\/wp-content\/uploads\/2022\/05\/z3400894645911_283f75e15d265ef2d7dfd8273260c640-861x1536.jpg 861w\" sizes=\"(max-width: 1083px) 100vw, 1083px\" \/><\/figure><\/li><li class=\"wp-block-jetpack-slideshow_slide swiper-slide\"><figure><img loading=\"lazy\" width=\"1090\" height=\"1848\" alt=\"\" class=\"wp-block-jetpack-slideshow_image wp-image-1444\" data-id=\"1444\" src=\"https:\/\/doantramy.com\/wp-content\/uploads\/2022\/05\/z3400894650074_9b643a8a8f6b1fc48b77fcc415dd6aa4.jpg\" srcset=\"https:\/\/doantramy.net\/wp-content\/uploads\/2022\/05\/z3400894650074_9b643a8a8f6b1fc48b77fcc415dd6aa4.jpg 1090w, https:\/\/doantramy.net\/wp-content\/uploads\/2022\/05\/z3400894650074_9b643a8a8f6b1fc48b77fcc415dd6aa4-768x1302.jpg 768w, https:\/\/doantramy.net\/wp-content\/uploads\/2022\/05\/z3400894650074_9b643a8a8f6b1fc48b77fcc415dd6aa4-906x1536.jpg 906w\" sizes=\"(max-width: 1090px) 100vw, 1090px\" \/><\/figure><\/li><li class=\"wp-block-jetpack-slideshow_slide swiper-slide\"><figure><img loading=\"lazy\" width=\"1092\" height=\"2046\" alt=\"\" class=\"wp-block-jetpack-slideshow_image wp-image-1445\" data-id=\"1445\" src=\"https:\/\/doantramy.com\/wp-content\/uploads\/2022\/05\/z3400894655641_ba04e13f04b155a5d00fb6300093c09e.jpg\" srcset=\"https:\/\/doantramy.net\/wp-content\/uploads\/2022\/05\/z3400894655641_ba04e13f04b155a5d00fb6300093c09e.jpg 1092w, https:\/\/doantramy.net\/wp-content\/uploads\/2022\/05\/z3400894655641_ba04e13f04b155a5d00fb6300093c09e-768x1439.jpg 768w, https:\/\/doantramy.net\/wp-content\/uploads\/2022\/05\/z3400894655641_ba04e13f04b155a5d00fb6300093c09e-820x1536.jpg 820w\" sizes=\"(max-width: 1092px) 100vw, 1092px\" \/><\/figure><\/li><li class=\"wp-block-jetpack-slideshow_slide swiper-slide\"><figure><img loading=\"lazy\" width=\"1083\" height=\"1954\" alt=\"\" class=\"wp-block-jetpack-slideshow_image wp-image-1446\" data-id=\"1446\" src=\"https:\/\/doantramy.com\/wp-content\/uploads\/2022\/05\/z3400894656943_12cafedfb8849263373c4a046b20b57d.jpg\" srcset=\"https:\/\/doantramy.net\/wp-content\/uploads\/2022\/05\/z3400894656943_12cafedfb8849263373c4a046b20b57d.jpg 1083w, https:\/\/doantramy.net\/wp-content\/uploads\/2022\/05\/z3400894656943_12cafedfb8849263373c4a046b20b57d-768x1386.jpg 768w, https:\/\/doantramy.net\/wp-content\/uploads\/2022\/05\/z3400894656943_12cafedfb8849263373c4a046b20b57d-851x1536.jpg 851w\" sizes=\"(max-width: 1083px) 100vw, 1083px\" \/><\/figure><\/li><li class=\"wp-block-jetpack-slideshow_slide swiper-slide\"><figure><img loading=\"lazy\" width=\"1099\" height=\"2147\" alt=\"\" class=\"wp-block-jetpack-slideshow_image wp-image-1447\" data-id=\"1447\" src=\"https:\/\/doantramy.com\/wp-content\/uploads\/2022\/05\/z3400894664346_738488dc3a8eefaaac09fbd7d9522264.jpg\" srcset=\"https:\/\/doantramy.net\/wp-content\/uploads\/2022\/05\/z3400894664346_738488dc3a8eefaaac09fbd7d9522264.jpg 1099w, https:\/\/doantramy.net\/wp-content\/uploads\/2022\/05\/z3400894664346_738488dc3a8eefaaac09fbd7d9522264-768x1500.jpg 768w, https:\/\/doantramy.net\/wp-content\/uploads\/2022\/05\/z3400894664346_738488dc3a8eefaaac09fbd7d9522264-786x1536.jpg 786w, https:\/\/doantramy.net\/wp-content\/uploads\/2022\/05\/z3400894664346_738488dc3a8eefaaac09fbd7d9522264-1048x2048.jpg 1048w\" sizes=\"(max-width: 1099px) 100vw, 1099px\" \/><\/figure><\/li><li class=\"wp-block-jetpack-slideshow_slide swiper-slide\"><figure><img loading=\"lazy\" width=\"1078\" height=\"2133\" alt=\"\" class=\"wp-block-jetpack-slideshow_image wp-image-1448\" data-id=\"1448\" src=\"https:\/\/doantramy.com\/wp-content\/uploads\/2022\/05\/z3400894672603_caed11b052aa77ce53c1f7d310c19a81.jpg\" srcset=\"https:\/\/doantramy.net\/wp-content\/uploads\/2022\/05\/z3400894672603_caed11b052aa77ce53c1f7d310c19a81.jpg 1078w, https:\/\/doantramy.net\/wp-content\/uploads\/2022\/05\/z3400894672603_caed11b052aa77ce53c1f7d310c19a81-768x1520.jpg 768w, https:\/\/doantramy.net\/wp-content\/uploads\/2022\/05\/z3400894672603_caed11b052aa77ce53c1f7d310c19a81-776x1536.jpg 776w, https:\/\/doantramy.net\/wp-content\/uploads\/2022\/05\/z3400894672603_caed11b052aa77ce53c1f7d310c19a81-1035x2048.jpg 1035w\" sizes=\"(max-width: 1078px) 100vw, 1078px\" \/><\/figure><\/li><li class=\"wp-block-jetpack-slideshow_slide swiper-slide\"><figure><img loading=\"lazy\" width=\"1242\" height=\"2130\" alt=\"\" class=\"wp-block-jetpack-slideshow_image wp-image-1449\" data-id=\"1449\" src=\"https:\/\/doantramy.com\/wp-content\/uploads\/2022\/05\/z3400894672717_a09526820d15da096e25f9cc8e53aca3.jpg\" srcset=\"https:\/\/doantramy.net\/wp-content\/uploads\/2022\/05\/z3400894672717_a09526820d15da096e25f9cc8e53aca3.jpg 1242w, https:\/\/doantramy.net\/wp-content\/uploads\/2022\/05\/z3400894672717_a09526820d15da096e25f9cc8e53aca3-768x1317.jpg 768w, https:\/\/doantramy.net\/wp-content\/uploads\/2022\/05\/z3400894672717_a09526820d15da096e25f9cc8e53aca3-896x1536.jpg 896w, https:\/\/doantramy.net\/wp-content\/uploads\/2022\/05\/z3400894672717_a09526820d15da096e25f9cc8e53aca3-1194x2048.jpg 1194w\" sizes=\"(max-width: 1242px) 100vw, 1242px\" \/><\/figure><\/li><li class=\"wp-block-jetpack-slideshow_slide swiper-slide\"><figure><img loading=\"lazy\" width=\"1076\" height=\"2139\" alt=\"\" class=\"wp-block-jetpack-slideshow_image wp-image-1450\" data-id=\"1450\" src=\"https:\/\/doantramy.com\/wp-content\/uploads\/2022\/05\/z3400894680601_02f04ab41d82d841e074e02526feda9b.jpg\" srcset=\"https:\/\/doantramy.net\/wp-content\/uploads\/2022\/05\/z3400894680601_02f04ab41d82d841e074e02526feda9b.jpg 1076w, https:\/\/doantramy.net\/wp-content\/uploads\/2022\/05\/z3400894680601_02f04ab41d82d841e074e02526feda9b-768x1527.jpg 768w, https:\/\/doantramy.net\/wp-content\/uploads\/2022\/05\/z3400894680601_02f04ab41d82d841e074e02526feda9b-773x1536.jpg 773w, https:\/\/doantramy.net\/wp-content\/uploads\/2022\/05\/z3400894680601_02f04ab41d82d841e074e02526feda9b-1030x2048.jpg 1030w\" sizes=\"(max-width: 1076px) 100vw, 1076px\" \/><\/figure><\/li><\/ul><a class=\"wp-block-jetpack-slideshow_button-prev swiper-button-prev swiper-button-white\" role=\"button\"><\/a><a class=\"wp-block-jetpack-slideshow_button-next swiper-button-next swiper-button-white\" role=\"button\"><\/a><a aria-label=\"Pause Slideshow\" class=\"wp-block-jetpack-slideshow_button-pause\" role=\"button\"><\/a><div class=\"wp-block-jetpack-slideshow_pagination swiper-pagination swiper-pagination-white\"><\/div><\/div><\/div>\n\n\n\n<p class=\"has-text-align-center has-medium-font-size\"><strong><mark style=\"background-color:rgba(0, 0, 0, 0)\" class=\"has-inline-color has-white-color\">Li\u1ec7u \u0111\u00e2y c\u00f3 ph\u1ea3i l\u00e0 ng\u00e3 r\u1ebd quan tr\u1ecdng trong cu\u1ed9c \u0111\u1eddi b\u1ea1n?<\/mark><\/strong><\/p>\n\n\n\n<div class=\"wp-container-4 wp-block-buttons\">\n<div class=\"wp-block-button aligncenter is-style-fill\"><a class=\"wp-block-button__link has-black-color has-cool-to-warm-spectrum-gradient-background has-text-color has-background\" href=\"https:\/\/doantramy.com\/dang-ky\/\"><i class=\"fas fa-signature\"><\/i> T\u00f4i Mu\u1ed1n Tham Gia!<\/a><\/div>\n<\/div>\n<\/div><\/div>","protected":false},"excerpt":{"rendered":"<p>B\u00e0n Tay Ch\u1eefa L\u00e0nh L\u00e0 G\u00ec? B\u00e0n Tay Ch\u1eefa L\u00e0nh (Hand healing) l\u00e0 ph\u01b0\u01a1ng ph\u00e1p d\u00f9ng \u0111\u00f4i tay \u0111\u1ec3 ch\u1eefa l\u00e0nh nh\u1eefng khu v\u1ef1c t\u1eafc ngh\u1ebdn, \u1ee9 tr\u1ec7 v\u00e0 t\u1ed5n th\u01b0\u01a1ng c\u1ee7a c\u01a1 th\u1ec3 b\u1eb1ng vi\u1ec7c khai m\u1edf, v\u1eadn h\u00e0nh n\u0103ng l\u01b0\u1ee3ng (Hand N\u0103ng L\u01b0\u1ee3ng); \u0111i\u1ec1u ch\u1ec9nh c\u1ea5u tr\u00fac (Hand Lu\u00e2n Xa) \u0111\u1ed3ng th\u1eddi th\u1ea5u &#8230; <a title=\"Kh\u00f3a Hand Lu\u00e2n Xa\" class=\"read-more\" href=\"https:\/\/doantramy.net\/en\/khoa-hand-luan-xa\/\" aria-label=\"Read more about Kh\u00f3a Hand Lu\u00e2n Xa\">Read more<\/a><\/p>","protected":false},"author":2,"featured_media":0,"parent":0,"menu_order":0,"comment_status":"closed","ping_status":"closed","template":"","meta":[],"_links":{"self":[{"href":"https:\/\/doantramy.net\/en\/wp-json\/wp\/v2\/pages\/1248"}],"collection":[{"href":"https:\/\/doantramy.net\/en\/wp-json\/wp\/v2\/pages"}],"about":[{"href":"https:\/\/doantramy.net\/en\/wp-json\/wp\/v2\/types\/page"}],"author":[{"embeddable":true,"href":"https:\/\/doantramy.net\/en\/wp-json\/wp\/v2\/users\/2"}],"replies":[{"embeddable":true,"href":"https:\/\/doantramy.net\/en\/wp-json\/wp\/v2\/comments?post=1248"}],"version-history":[{"count":37,"href":"https:\/\/doantramy.net\/en\/wp-json\/wp\/v2\/pages\/1248\/revisions"}],"predecessor-version":[{"id":1521,"href":"https:\/\/doantramy.net\/en\/wp-json\/wp\/v2\/pages\/1248\/revisions\/1521"}],"wp:attachment":[{"href":"https:\/\/doantramy.net\/en\/wp-json\/wp\/v2\/media?parent=1248"}],"curies":[{"name":"wp","href":"https:\/\/api.w.org\/{rel}","templated":true}]}}