{"id":1061,"date":"2022-05-07T10:21:53","date_gmt":"2022-05-07T10:21:53","guid":{"rendered":"https:\/\/doantramy.com\/?page_id=1061"},"modified":"2022-05-08T03:18:44","modified_gmt":"2022-05-08T03:18:44","slug":"dang-ky","status":"publish","type":"page","link":"https:\/\/doantramy.net\/en\/dang-ky\/","title":{"rendered":"Register"},"content":{"rendered":"<p><mark style=\"background-color:rgba(0, 0, 0, 0)\" class=\"has-inline-color has-vivid-red-color\">Congratulations on your decision.<\/mark> <br><mark style=\"background-color:rgba(0, 0, 0, 0)\" class=\"has-inline-color has-vivid-red-color\">Did we meet each other from so many past lifes?<\/mark><\/p>","protected":false},"excerpt":{"rendered":"<p>Ch\u00fac m\u1eebng quy\u1ebft \u0111\u1ecbnh c\u1ee7a b\u1ea1n. Ph\u1ea3i ch\u0103ng ch\u00fang ta \u0111\u00e3 g\u1eb7p nhau t\u1eeb mu\u00f4n ki\u1ebfp..!<\/p>","protected":false},"author":2,"featured_media":0,"parent":0,"menu_order":0,"comment_status":"closed","ping_status":"closed","template":"","meta":[],"_links":{"self":[{"href":"https:\/\/doantramy.net\/en\/wp-json\/wp\/v2\/pages\/1061"}],"collection":[{"href":"https:\/\/doantramy.net\/en\/wp-json\/wp\/v2\/pages"}],"about":[{"href":"https:\/\/doantramy.net\/en\/wp-json\/wp\/v2\/types\/page"}],"author":[{"embeddable":true,"href":"https:\/\/doantramy.net\/en\/wp-json\/wp\/v2\/users\/2"}],"replies":[{"embeddable":true,"href":"https:\/\/doantramy.net\/en\/wp-json\/wp\/v2\/comments?post=1061"}],"version-history":[{"count":11,"href":"https:\/\/doantramy.net\/en\/wp-json\/wp\/v2\/pages\/1061\/revisions"}],"predecessor-version":[{"id":1274,"href":"https:\/\/doantramy.net\/en\/wp-json\/wp\/v2\/pages\/1061\/revisions\/1274"}],"wp:attachment":[{"href":"https:\/\/doantramy.net\/en\/wp-json\/wp\/v2\/media?parent=1061"}],"curies":[{"name":"wp","href":"https:\/\/api.w.org\/{rel}","templated":true}]}}